{"id":7674,"date":"2023-12-03T23:19:38","date_gmt":"2023-12-03T23:19:38","guid":{"rendered":"https:\/\/littleloyals.com\/cart\/"},"modified":"2025-06-25T17:35:14","modified_gmt":"2025-06-25T17:35:14","slug":"cart","status":"publish","type":"page","link":"https:\/\/littleloyals.com\/fr\/cart\/","title":{"rendered":"Chariot"},"content":{"rendered":"<div data-block-name=\"woocommerce\/cart\" class=\"wp-block-woocommerce-cart alignwide is-loading\">\n<div data-block-name=\"woocommerce\/filled-cart-block\" class=\"wp-block-woocommerce-filled-cart-block\">\n<div data-block-name=\"woocommerce\/cart-items-block\" class=\"wp-block-woocommerce-cart-items-block\">\n<div data-block-name=\"woocommerce\/cart-line-items-block\" class=\"wp-block-woocommerce-cart-line-items-block\"><\/div>\n\n\n\n<div data-block-name=\"woocommerce\/cart-cross-sells-block\" class=\"wp-block-woocommerce-cart-cross-sells-block\">\n<h2 class=\"wp-block-heading has-large-font-size\">Vous pourriez \u00eatre int\u00e9ress\u00e9 par...<\/h2>\n\n\n\n<div data-block-name=\"woocommerce\/cart-cross-sells-products-block\" class=\"wp-block-woocommerce-cart-cross-sells-products-block\"><\/div>\n<\/div>\n<\/div>\n\n\n\n<div data-block-name=\"woocommerce\/cart-totals-block\" class=\"wp-block-woocommerce-cart-totals-block\">\n<div data-block-name=\"woocommerce\/cart-order-summary-block\" class=\"wp-block-woocommerce-cart-order-summary-block\">\n<div data-block-name=\"woocommerce\/cart-order-summary-heading-block\" class=\"wp-block-woocommerce-cart-order-summary-heading-block\"><\/div><div data-block-name=\"woocommerce\/cart-order-summary-coupon-form-block\" class=\"wp-block-woocommerce-cart-order-summary-coupon-form-block\"><\/div><div data-block-name=\"woocommerce\/cart-order-summary-totals-block\" class=\"wp-block-woocommerce-cart-order-summary-totals-block\">\n<div data-block-name=\"woocommerce\/cart-order-summary-subtotal-block\" class=\"wp-block-woocommerce-cart-order-summary-subtotal-block\"><\/div>\n<div data-block-name=\"woocommerce\/cart-order-summary-discount-block\" class=\"wp-block-woocommerce-cart-order-summary-discount-block\"><\/div>\n<div data-block-name=\"woocommerce\/cart-order-summary-fee-block\" class=\"wp-block-woocommerce-cart-order-summary-fee-block\"><\/div>\n<div data-block-name=\"woocommerce\/cart-order-summary-shipping-block\" class=\"wp-block-woocommerce-cart-order-summary-shipping-block\"><\/div>\n<div data-block-name=\"woocommerce\/cart-order-summary-taxes-block\" class=\"wp-block-woocommerce-cart-order-summary-taxes-block\"><\/div><\/div>\n<\/div>\n\n\n\n<div data-block-name=\"woocommerce\/cart-express-payment-block\" class=\"wp-block-woocommerce-cart-express-payment-block\"><\/div>\n\n\n\n<div data-block-name=\"woocommerce\/proceed-to-checkout-block\" class=\"wp-block-woocommerce-proceed-to-checkout-block\"><\/div>\n\n\n\n<div data-block-name=\"woocommerce\/cart-accepted-payment-methods-block\" class=\"wp-block-woocommerce-cart-accepted-payment-methods-block\"><\/div>\n<\/div>\n<\/div>\n\n\n\n<div data-block-name=\"woocommerce\/empty-cart-block\" class=\"wp-block-woocommerce-empty-cart-block\">\n<h2 class=\"wp-block-heading has-text-align-center with-empty-cart-icon wc-block-cart__empty-cart__title\">Votre panier est actuellement vide !<\/h2>\n\n\n\n<hr class=\"wp-block-separator has-alpha-channel-opacity is-style-dots\" \/>\n\n\n\n<h2 class=\"wp-block-heading has-text-align-center\">Nouveau en magasin<\/h2>\n\n\n<div data-block-name=\"woocommerce\/product-new\" data-columns=\"4\" data-rows=\"1\" class=\"wc-block-grid wp-block-product-new wp-block-woocommerce-product-new wc-block-product-new has-4-columns\"><ul class=\"wc-block-grid__products\"><li class=\"wc-block-grid__product\">\n\t\t\t\t<a href=\"https:\/\/littleloyals.com\/fr\/produit\/anti-inflamatory-support-150g\/\" class=\"wc-block-grid__product-link\">\n\t\t\t\t\t\n\t\t\t\t\t<div class=\"wc-block-grid__product-image\"><img decoding=\"async\" loading=\"lazy\" width=\"1000\" height=\"1000\" src=\"https:\/\/littleloyals.com\/wp-content\/uploads\/2022\/05\/1-3-1000x1000.jpg\" class=\"attachment-woocommerce_thumbnail size-woocommerce_thumbnail\" alt=\"Blended Supplements\" srcset=\"https:\/\/littleloyals.com\/wp-content\/uploads\/2022\/05\/1-3-1000x1000.jpg 1000w, https:\/\/littleloyals.com\/wp-content\/uploads\/2022\/05\/1-3-150x150.jpg 150w, https:\/\/littleloyals.com\/wp-content\/uploads\/2022\/05\/1-3.jpg 2000w\" sizes=\"auto, (max-width: 1000px) 100vw, 1000px\" \/><\/div>\n\t\t\t\t\t<div class=\"wc-block-grid__product-title\">Suppl\u00e9ments m\u00e9lang\u00e9s<\/div>\n\t\t\t\t<\/a>\n\t\t\t\t<div class=\"wc-block-grid__product-price price\"><span class=\"woocommerce-Price-amount amount\" aria-hidden=\"true\"><span class=\"woocommerce-Price-currencySymbol\">&#036;<\/span>21.99<\/span> <span aria-hidden=\"true\">\u00a0\u2013\u00a0<\/span> <span class=\"woocommerce-Price-amount amount\" aria-hidden=\"true\"><span class=\"woocommerce-Price-currencySymbol\">&#036;<\/span>27.99<\/span><span class=\"screen-reader-text\" data-no-translation=\"\" data-trp-gettext=\"\">Plage de prix\u00a0: &#036;21.99 \u00e0 &#036;27.99<\/span><\/div>\n\t\t\t\t\n\t\t\t\t<div class=\"wp-block-button wc-block-grid__product-add-to-cart\"><a href=\"https:\/\/littleloyals.com\/fr\/produit\/anti-inflamatory-support-150g\/\" aria-label=\"S\u00e9lectionner les options pour \u201cBlended Supplements\u201d\" data-quantity=\"1\" data-product_id=\"7762\" data-product_sku=\"\" data-price=\"22.99\" rel=\"nofollow\" class=\"wp-block-button__link  add_to_cart_button\" data-no-translation=\"\" data-trp-gettext=\"\" data-no-translation-aria-label=\"\">Choix des options<\/a><\/div>\n\t\t\t<\/li><li class=\"wc-block-grid__product\">\n\t\t\t\t<a href=\"https:\/\/littleloyals.com\/fr\/produit\/deer-antler-powder-200g\/\" class=\"wc-block-grid__product-link\">\n\t\t\t\t\t\n\t\t\t\t\t<div class=\"wc-block-grid__product-image\"><img decoding=\"async\" loading=\"lazy\" width=\"1000\" height=\"1000\" src=\"https:\/\/littleloyals.com\/wp-content\/uploads\/2022\/04\/7-1-1000x1000.jpg\" class=\"attachment-woocommerce_thumbnail size-woocommerce_thumbnail\" alt=\"Single Ingredient\" srcset=\"https:\/\/littleloyals.com\/wp-content\/uploads\/2022\/04\/7-1-1000x1000.jpg 1000w, https:\/\/littleloyals.com\/wp-content\/uploads\/2022\/04\/7-1-150x150.jpg 150w, https:\/\/littleloyals.com\/wp-content\/uploads\/2022\/04\/7-1-300x300.jpg 300w, https:\/\/littleloyals.com\/wp-content\/uploads\/2022\/04\/7-1-1024x1024.jpg 1024w, https:\/\/littleloyals.com\/wp-content\/uploads\/2022\/04\/7-1-768x768.jpg 768w, https:\/\/littleloyals.com\/wp-content\/uploads\/2022\/04\/7-1-1536x1536.jpg 1536w, https:\/\/littleloyals.com\/wp-content\/uploads\/2022\/04\/7-1-100x100.jpg 100w, https:\/\/littleloyals.com\/wp-content\/uploads\/2022\/04\/7-1-140x140.jpg 140w, https:\/\/littleloyals.com\/wp-content\/uploads\/2022\/04\/7-1-500x500.jpg 500w, https:\/\/littleloyals.com\/wp-content\/uploads\/2022\/04\/7-1-350x350.jpg 350w, https:\/\/littleloyals.com\/wp-content\/uploads\/2022\/04\/7-1-800x800.jpg 800w, https:\/\/littleloyals.com\/wp-content\/uploads\/2022\/04\/7-1.jpg 2000w\" sizes=\"auto, (max-width: 1000px) 100vw, 1000px\" \/><\/div>\n\t\t\t\t\t<div class=\"wc-block-grid__product-title\">Un seul ingr\u00e9dient<\/div>\n\t\t\t\t<\/a>\n\t\t\t\t<div class=\"wc-block-grid__product-price price\"><span class=\"woocommerce-Price-amount amount\" aria-hidden=\"true\"><span class=\"woocommerce-Price-currencySymbol\">&#036;<\/span>13.99<\/span> <span aria-hidden=\"true\">\u00a0\u2013\u00a0<\/span> <span class=\"woocommerce-Price-amount amount\" aria-hidden=\"true\"><span class=\"woocommerce-Price-currencySymbol\">&#036;<\/span>38.99<\/span><span class=\"screen-reader-text\" data-no-translation=\"\" data-trp-gettext=\"\">Plage de prix\u00a0: &#036;13.99 \u00e0 &#036;38.99<\/span><\/div>\n\t\t\t\t\n\t\t\t\t<div class=\"wp-block-button wc-block-grid__product-add-to-cart\"><a href=\"https:\/\/littleloyals.com\/fr\/produit\/deer-antler-powder-200g\/\" aria-label=\"S\u00e9lectionner les options pour \u201cSingle Ingredient\u201d\" data-quantity=\"1\" data-product_id=\"7754\" data-product_sku=\"\" data-price=\"13.99\" rel=\"nofollow\" class=\"wp-block-button__link  add_to_cart_button\" data-no-translation=\"\" data-trp-gettext=\"\" data-no-translation-aria-label=\"\">Choix des options<\/a><\/div>\n\t\t\t<\/li><li class=\"wc-block-grid__product\">\n\t\t\t\t<a href=\"https:\/\/littleloyals.com\/fr\/produit\/squash-rings-200g\/\" class=\"wc-block-grid__product-link\">\n\t\t\t\t\t\n\t\t\t\t\t<div class=\"wc-block-grid__product-image\"><img decoding=\"async\" loading=\"lazy\" width=\"1000\" height=\"1000\" src=\"https:\/\/littleloyals.com\/wp-content\/uploads\/2022\/08\/Squash-Rings-Large-Front.jpg\" class=\"attachment-woocommerce_thumbnail size-woocommerce_thumbnail\" alt=\"Squash Rings  - 200g\" srcset=\"https:\/\/littleloyals.com\/wp-content\/uploads\/2022\/08\/Squash-Rings-Large-Front.jpg 1000w, https:\/\/littleloyals.com\/wp-content\/uploads\/2022\/08\/Squash-Rings-Large-Front-150x150.jpg 150w, https:\/\/littleloyals.com\/wp-content\/uploads\/2022\/08\/Squash-Rings-Large-Front-300x300.jpg 300w, https:\/\/littleloyals.com\/wp-content\/uploads\/2022\/08\/Squash-Rings-Large-Front-768x768.jpg 768w, https:\/\/littleloyals.com\/wp-content\/uploads\/2022\/08\/Squash-Rings-Large-Front-100x100.jpg 100w, https:\/\/littleloyals.com\/wp-content\/uploads\/2022\/08\/Squash-Rings-Large-Front-140x140.jpg 140w, https:\/\/littleloyals.com\/wp-content\/uploads\/2022\/08\/Squash-Rings-Large-Front-500x500.jpg 500w, https:\/\/littleloyals.com\/wp-content\/uploads\/2022\/08\/Squash-Rings-Large-Front-350x350.jpg 350w, https:\/\/littleloyals.com\/wp-content\/uploads\/2022\/08\/Squash-Rings-Large-Front-800x800.jpg 800w\" sizes=\"auto, (max-width: 1000px) 100vw, 1000px\" \/><\/div>\n\t\t\t\t\t<div class=\"wc-block-grid__product-title\">Rondelles de courge - 200g<\/div>\n\t\t\t\t<\/a>\n\t\t\t\t<div class=\"wc-block-grid__product-price price\"><span class=\"woocommerce-Price-amount amount\"><span class=\"woocommerce-Price-currencySymbol\">&#036;<\/span>22.99<\/span><\/div>\n\t\t\t\t\n\t\t\t\t<div class=\"wp-block-button wc-block-grid__product-add-to-cart\"><a href=\"\/fr\/wp-json\/wp\/v2\/pages\/7674?add-to-cart=7749\" aria-label=\"Ajouter au panier\u00a0: \u201cSquash Rings  - 200g\u201d\" data-quantity=\"1\" data-product_id=\"7749\" data-product_sku=\"T0031\" data-price=\"22.99\" rel=\"nofollow\" class=\"wp-block-button__link  add_to_cart_button ajax_add_to_cart\" data-no-translation=\"\" data-trp-gettext=\"\" data-no-translation-aria-label=\"\">Ajouter au panier<\/a><\/div>\n\t\t\t<\/li><li class=\"wc-block-grid__product\">\n\t\t\t\t<a href=\"https:\/\/littleloyals.com\/fr\/produit\/sweet-potato-chews-250g\/\" class=\"wc-block-grid__product-link\">\n\t\t\t\t\t\n\t\t\t\t\t<div class=\"wc-block-grid__product-image\"><img decoding=\"async\" loading=\"lazy\" width=\"1000\" height=\"1000\" src=\"https:\/\/littleloyals.com\/wp-content\/uploads\/2022\/08\/sweet-potato-small-front-v2.jpg\" class=\"attachment-woocommerce_thumbnail size-woocommerce_thumbnail\" alt=\"Sweet Potato chews  - 250g\" srcset=\"https:\/\/littleloyals.com\/wp-content\/uploads\/2022\/08\/sweet-potato-small-front-v2.jpg 1000w, https:\/\/littleloyals.com\/wp-content\/uploads\/2022\/08\/sweet-potato-small-front-v2-150x150.jpg 150w, https:\/\/littleloyals.com\/wp-content\/uploads\/2022\/08\/sweet-potato-small-front-v2-300x300.jpg 300w, https:\/\/littleloyals.com\/wp-content\/uploads\/2022\/08\/sweet-potato-small-front-v2-768x768.jpg 768w, https:\/\/littleloyals.com\/wp-content\/uploads\/2022\/08\/sweet-potato-small-front-v2-100x100.jpg 100w, https:\/\/littleloyals.com\/wp-content\/uploads\/2022\/08\/sweet-potato-small-front-v2-140x140.jpg 140w, https:\/\/littleloyals.com\/wp-content\/uploads\/2022\/08\/sweet-potato-small-front-v2-500x500.jpg 500w, https:\/\/littleloyals.com\/wp-content\/uploads\/2022\/08\/sweet-potato-small-front-v2-350x350.jpg 350w, https:\/\/littleloyals.com\/wp-content\/uploads\/2022\/08\/sweet-potato-small-front-v2-800x800.jpg 800w\" sizes=\"auto, (max-width: 1000px) 100vw, 1000px\" \/><\/div>\n\t\t\t\t\t<div class=\"wc-block-grid__product-title\">Pommes de terre douces \u00e0 m\u00e2cher - 250g<\/div>\n\t\t\t\t<\/a>\n\t\t\t\t<div class=\"wc-block-grid__product-price price\"><span class=\"woocommerce-Price-amount amount\"><span class=\"woocommerce-Price-currencySymbol\">&#036;<\/span>19.99<\/span><\/div>\n\t\t\t\t\n\t\t\t\t<div class=\"wp-block-button wc-block-grid__product-add-to-cart\"><a href=\"\/fr\/wp-json\/wp\/v2\/pages\/7674?add-to-cart=7747\" aria-label=\"Ajouter au panier\u00a0: \u201cSweet Potato chews  - 250g\u201d\" data-quantity=\"1\" data-product_id=\"7747\" data-product_sku=\"T0029\" data-price=\"19.99\" rel=\"nofollow\" class=\"wp-block-button__link  add_to_cart_button ajax_add_to_cart\" data-no-translation=\"\" data-trp-gettext=\"\" data-no-translation-aria-label=\"\">Ajouter au panier<\/a><\/div>\n\t\t\t<\/li><\/ul><\/div><\/div>\n<\/div>","protected":false},"excerpt":{"rendered":"You may be interested in\u2026 Your cart is currently empty! New in store","protected":false},"author":1,"featured_media":0,"parent":0,"menu_order":0,"comment_status":"closed","ping_status":"closed","template":"","meta":{"nf_dc_page":"","footnotes":""},"class_list":["post-7674","page","type-page","status-publish"],"_links":{"self":[{"href":"https:\/\/littleloyals.com\/fr\/wp-json\/wp\/v2\/pages\/7674","targetHints":{"allow":["GET"]}}],"collection":[{"href":"https:\/\/littleloyals.com\/fr\/wp-json\/wp\/v2\/pages"}],"about":[{"href":"https:\/\/littleloyals.com\/fr\/wp-json\/wp\/v2\/types\/page"}],"author":[{"embeddable":true,"href":"https:\/\/littleloyals.com\/fr\/wp-json\/wp\/v2\/users\/1"}],"replies":[{"embeddable":true,"href":"https:\/\/littleloyals.com\/fr\/wp-json\/wp\/v2\/comments?post=7674"}],"version-history":[{"count":1,"href":"https:\/\/littleloyals.com\/fr\/wp-json\/wp\/v2\/pages\/7674\/revisions"}],"predecessor-version":[{"id":7891,"href":"https:\/\/littleloyals.com\/fr\/wp-json\/wp\/v2\/pages\/7674\/revisions\/7891"}],"wp:attachment":[{"href":"https:\/\/littleloyals.com\/fr\/wp-json\/wp\/v2\/media?parent=7674"}],"curies":[{"name":"wp","href":"https:\/\/api.w.org\/{rel}","templated":true}]}}