{"id":7681,"date":"2023-12-03T23:35:36","date_gmt":"2023-12-03T23:35:36","guid":{"rendered":"https:\/\/littleloyals.com\/product\/deer-antler-dog-chew-xs-28-50g\/"},"modified":"2023-12-04T15:14:03","modified_gmt":"2023-12-04T15:14:03","slug":"deer-antler-dog-chew-xs-28-50g","status":"publish","type":"product","link":"https:\/\/littleloyals.com\/fr\/produit\/deer-antler-dog-chew-xs-28-50g\/","title":{"rendered":"Bois de cerf \u00e0 m\u00e2cher pour chien"},"content":{"rendered":"<p>Applaudissez si vous aimez m\u00e2cher. Nous avons ce qu'il vous faut ! Ces croquettes pour chiens en bois de cerf contiennent de nombreux min\u00e9raux et nutriments qui favorisent la mobilit\u00e9, la sant\u00e9 des articulations, la force musculaire et am\u00e9liorent le m\u00e9tabolisme. Ce sont \u00e9galement des produits naturels pour faire briller les dents, ce qui permet de garder les dents propres et d'\u00e9liminer la plaque dentaire. Et comme nous ne servons que la meilleure qualit\u00e9, aucun additif ou ingr\u00e9dient artificiel n'a \u00e9t\u00e9 ajout\u00e9. Oh, et ce qui est tout aussi important, ils proviennent de sources \u00e9thiques. Cela signifie qu'ils tombent naturellement et qu'ils sont r\u00e9colt\u00e9s de mani\u00e8re durable. Convenant de pr\u00e9f\u00e9rence aux chiens adultes, ces croquettes ultra-dures et durables vous procureront des heures de plaisir et emp\u00eacheront votre compagnon de s'ennuyer (vos chaussures nous remercieront plus tard !) - Riches en min\u00e9raux et en nutriments naturels - Contribuent \u00e0 maintenir une bonne sant\u00e9 bucco-dentaire. Tr\u00e8s r\u00e9sistant, durable et inodore - S\u00fbr et propre. Ne s'\u00e9caille pas et ne fait pas d'\u00e9chardes - M\u00e2che savoureusement avec de la moelle osseuse \u00e0 l'int\u00e9rieur <span class=\"Apple-converted-space\">\t<\/span>- Les bois de cervid\u00e9s sont extraordinairement r\u00e9sistants et lorsque votre chien les m\u00e2che, ils peuvent aider \u00e0 \u00e9liminer la plaque dentaire, am\u00e9liorant ainsi l'hygi\u00e8ne dentaire et la sant\u00e9 des dents de votre chiot - Soulagement naturel du stress, la mastication est une activit\u00e9 saine pour les chiens qui se d\u00e9brouillent seuls - La moelle osseuse des bois de cervid\u00e9s est un nutriment naturel qui favorise la sant\u00e9 des articulations, l'\u00e9nergie et la vitalit\u00e9 chez les chiens et les chats - Il a \u00e9t\u00e9 scientifiquement d\u00e9montr\u00e9 que la poudre de bois de cervid\u00e9s augmente la mobilit\u00e9 et la qualit\u00e9 de vie des chiens et des chats et peut aider les animaux de compagnie \u00e0 se r\u00e9tablir plus rapidement des blessures musculaires.\t<\/p>\n<table style=\"height: 606px;\" border=\"0\" width=\"1113\" cellspacing=\"0\" cellpadding=\"0\">\n<colgroup>\n<col width=\"88\" \/>\n<col width=\"148\" \/>\n<col width=\"141\" \/>\n<col width=\"167\" \/>\n<col width=\"132\" \/>\n<col width=\"101\" \/>\n<col span=\"2\" width=\"123\" \/><\/colgroup>\n<tbody>\n<tr>\n<td class=\"xl64\" width=\"88\" height=\"68\">TAILLE<\/td>\n<td class=\"xl64\" width=\"148\">POIDS<\/td>\n<td class=\"xl64\" width=\"141\">TAILLE DU CHIEN<\/td>\n<td class=\"xl64\" width=\"167\">INTENSIT\u00c9 DE MASTICATION DU CHIEN<\/td>\n<td class=\"xl64\" width=\"132\">DENSIT\u00c9 \/ TEXTURE DU PRODUIT<\/td>\n<td class=\"xl64\" width=\"101\">SAVEUR<\/td>\n<td class=\"xl64\" width=\"123\">RECOMMANDATION<\/td>\n<td class=\"xl64\" width=\"123\">LIFEESTAGE<\/td>\n<\/tr>\n<tr>\n<td class=\"xl67\" width=\"88\" height=\"91\">XS<\/td>\n<td class=\"xl67\" width=\"148\">22 \u00e0 50g 0,8 \u00e0 1,8oz<\/td>\n<td class=\"xl67\" width=\"141\">Jusqu'\u00e0 5Kg Jusqu'\u00e0 11lbs<\/td>\n<td class=\"xl68\">M\u00c2CHEUR LOURD<\/td>\n<td class=\"xl68\">SUPER DURE<\/td>\n<td class=\"xl65\">ANTLER<\/td>\n<td class=\"xl66\" width=\"123\">NE CONVIENT PAS AUX CHIOTS<\/td>\n<td class=\"xl66\" width=\"123\">ADULTES<\/td>\n<\/tr>\n<tr>\n<td class=\"xl67\" width=\"88\" height=\"91\">S<\/td>\n<td class=\"xl67\" width=\"148\">51 \u00e0 75 g 1,9 \u00e0 2,6 oz<\/td>\n<td class=\"xl67\" width=\"141\">5Kg \u00e0 10Kg 11lbs \u00e0 22lbs<\/td>\n<td class=\"xl68\">M\u00c2CHEUR LOURD<\/td>\n<td class=\"xl68\">SUPER DURE<\/td>\n<td class=\"xl65\">ANTLER<\/td>\n<td class=\"xl66\" width=\"123\">NE CONVIENT PAS AUX CHIOTS<\/td>\n<td class=\"xl66\" width=\"123\">ADULTES<\/td>\n<\/tr>\n<tr>\n<td class=\"xl67\" width=\"88\" height=\"113\">M<\/td>\n<td class=\"xl67\" width=\"148\">76 \u00e0 150g 2.7 \u00e0 5.3oz<\/td>\n<td class=\"xl67\" width=\"141\">10Kg \u00e0 20Kg 22lbs \u00e0 44lbs<\/td>\n<td class=\"xl68\">M\u00c2CHEUR LOURD<\/td>\n<td class=\"xl68\">SUPER DURE<\/td>\n<td class=\"xl65\">ANTLER<\/td>\n<td class=\"xl66\" width=\"123\">NE CONVIENT PAS AUX CHIOTS<\/td>\n<td class=\"xl66\" width=\"123\">ADULTES<\/td>\n<\/tr>\n<tr>\n<td class=\"xl67\" width=\"88\" height=\"91\">L<\/td>\n<td class=\"xl67\" width=\"148\">151 \u00e0 225g 5.4 \u00e0 7.9oz<\/td>\n<td class=\"xl67\" width=\"141\">20Kg \u00e0 30Kg 44lbs \u00e0 66lbs<\/td>\n<td class=\"xl68\">M\u00c2CHEUR LOURD<\/td>\n<td class=\"xl68\">SUPER DURE<\/td>\n<td class=\"xl65\">ANTLER<\/td>\n<td class=\"xl66\" width=\"123\">NE CONVIENT PAS AUX CHIOTS<\/td>\n<td class=\"xl66\" width=\"123\">ADULTES<\/td>\n<\/tr>\n<tr>\n<td class=\"xl67\" width=\"88\" height=\"91\">XL<\/td>\n<td class=\"xl67\" width=\"148\">226 \u00e0 270g 8.0 \u00e0 9.5oz<\/td>\n<td class=\"xl67\" width=\"141\">30Kg \u00e0 50Kg 66lbs \u00e0 110lbs<\/td>\n<td class=\"xl68\">M\u00c2CHEUR LOURD<\/td>\n<td class=\"xl68\">SUPER DURE<\/td>\n<td class=\"xl65\">ANTLER<\/td>\n<td class=\"xl66\" width=\"123\">NE CONVIENT PAS AUX CHIOTS<\/td>\n<td class=\"xl66\" width=\"123\">ADULTES<\/td>\n<\/tr>\n<\/tbody>\n<\/table>","protected":false},"excerpt":{"rendered":"<p>Paws up if you love chomp chomping. Well, have we got a chew for you! These Deer Antler Dog Chews are loaded with plenty of minerals and nutrients that help&#8230;<\/p>","protected":false},"featured_media":7385,"comment_status":"open","ping_status":"closed","template":"","meta":{"nf_dc_page":""},"product_brand":[],"product_cat":[32],"product_tag":[],"class_list":{"0":"post-7681","1":"product","2":"type-product","3":"status-publish","4":"has-post-thumbnail","6":"product_cat-dogchews","8":"first","9":"instock","10":"taxable","11":"shipping-taxable","12":"purchasable","13":"product-type-variable"},"_links":{"self":[{"href":"https:\/\/littleloyals.com\/fr\/wp-json\/wp\/v2\/product\/7681","targetHints":{"allow":["GET"]}}],"collection":[{"href":"https:\/\/littleloyals.com\/fr\/wp-json\/wp\/v2\/product"}],"about":[{"href":"https:\/\/littleloyals.com\/fr\/wp-json\/wp\/v2\/types\/product"}],"replies":[{"embeddable":true,"href":"https:\/\/littleloyals.com\/fr\/wp-json\/wp\/v2\/comments?post=7681"}],"wp:featuredmedia":[{"embeddable":true,"href":"https:\/\/littleloyals.com\/fr\/wp-json\/wp\/v2\/media\/7385"}],"wp:attachment":[{"href":"https:\/\/littleloyals.com\/fr\/wp-json\/wp\/v2\/media?parent=7681"}],"wp:term":[{"taxonomy":"product_brand","embeddable":true,"href":"https:\/\/littleloyals.com\/fr\/wp-json\/wp\/v2\/product_brand?post=7681"},{"taxonomy":"product_cat","embeddable":true,"href":"https:\/\/littleloyals.com\/fr\/wp-json\/wp\/v2\/product_cat?post=7681"},{"taxonomy":"product_tag","embeddable":true,"href":"https:\/\/littleloyals.com\/fr\/wp-json\/wp\/v2\/product_tag?post=7681"}],"curies":[{"name":"wp","href":"https:\/\/api.w.org\/{rel}","templated":true}]}}