{"id":7686,"date":"2023-12-03T23:35:40","date_gmt":"2023-12-03T23:35:40","guid":{"rendered":"https:\/\/littleloyals.com\/product\/split-deer-antler-dog-chew-s-28-50g\/"},"modified":"2023-12-04T15:17:08","modified_gmt":"2023-12-04T15:17:08","slug":"split-deer-antler-dog-chew-s-28-50g","status":"publish","type":"product","link":"https:\/\/littleloyals.com\/fr\/produit\/split-deer-antler-dog-chew-s-28-50g\/","title":{"rendered":"Bois de cerf fendu pour chien"},"content":{"rendered":"<p>Applaudissez si vous aimez m\u00e2cher. Nous avons un produit \u00e0 m\u00e2cher pour vous !<br \/>Ces croquettes pour chien en bois de cerf fendu contiennent de nombreux min\u00e9raux et nutriments qui favorisent la mobilit\u00e9, la sant\u00e9 des articulations, la force musculaire et am\u00e9liorent le m\u00e9tabolisme. Ce sont \u00e9galement des produits naturels pour faire briller les dents, ce qui permet de les garder propres et d'\u00e9liminer la plaque dentaire. Et comme nous ne servons que la meilleure qualit\u00e9, aucun additif ou ingr\u00e9dient artificiel n'a \u00e9t\u00e9 ajout\u00e9.<span class=\"Apple-converted-space\">\u00a0<\/span><\/p>\n<p>Oh, et tout aussi important, ils proviennent de sources \u00e9thiques. Cela signifie qu'ils sont \u00e9limin\u00e9s naturellement et qu'ils sont r\u00e9colt\u00e9s de mani\u00e8re durable.<br \/>Con\u00e7us pour les chiens adultes, ces produits \u00e0 m\u00e2cher ultra-durs et durables vous procureront des heures de plaisir et \u00e9viteront \u00e0 votre compagnon de s'ennuyer (vos chaussures nous remercieront plus tard !).<br \/>- Riche en min\u00e9raux et en nutriments naturels<br \/>- Aide \u00e0 maintenir une bonne sant\u00e9 bucco-dentaire. Excellent pour aider \u00e0 gratter l'exc\u00e8s de nourriture et le tartre.<br \/>- Tr\u00e8s r\u00e9sistant, durable et inodore<br \/>- S\u00fbr et propre. Ne s'\u00e9caille pas et ne fait pas d'\u00e9chardes<br \/>- M\u00e2che savoureuse avec de la moelle osseuse \u00e0 l'int\u00e9rieur <span class=\"Apple-converted-space\">\u00a0 \u00a0 \u00a0 \u00a0 \u00a0 \u00a0 \u00a0 \u00a0 \u00a0 \u00a0 \u00a0 \u00a0 \u00a0 \u00a0 \u00a0 \u00a0 \u00a0 \u00a0 \u00a0 \u00a0 \u00a0 \u00a0 \u00a0 \u00a0<br \/><\/span>- Les bois sont extraordinairement r\u00e9sistants et lorsque votre chien les m\u00e2che, ils peuvent aider \u00e0 \u00e9liminer l'accumulation de plaque, am\u00e9liorant ainsi l'hygi\u00e8ne dentaire et la sant\u00e9 des dents de votre chiot.<span class=\"Apple-converted-space\">\u00a0<br \/><\/span>- Soulagement naturel du stress, la mastication est une activit\u00e9 saine pour les chiens enti\u00e8rement autonomes.<br \/>- La moelle osseuse de bois de cerf est un aliment naturellement nutritif qui favorise la sant\u00e9 des articulations, l'\u00e9nergie et la vitalit\u00e9 chez les chiens et les chats.<span class=\"Apple-converted-space\">\u00a0<br \/><\/span>- Il a \u00e9t\u00e9 scientifiquement d\u00e9montr\u00e9 que la poudre de bois augmente la mobilit\u00e9 et la qualit\u00e9 de vie des chiens et des chats et qu'elle peut aider les animaux de compagnie \u00e0 se remettre plus rapidement d'une blessure musculaire.<\/p>\n<table border=\"0\" width=\"1023\" cellspacing=\"0\" cellpadding=\"0\">\n<colgroup>\n<col width=\"88\" \/>\n<col width=\"148\" \/>\n<col width=\"141\" \/>\n<col width=\"167\" \/>\n<col width=\"132\" \/>\n<col width=\"101\" \/>\n<col span=\"2\" width=\"123\" \/><\/colgroup>\n<tbody>\n<tr>\n<td class=\"xl66\" width=\"88\" height=\"68\">TAILLE\u00a0<\/td>\n<td class=\"xl66\" width=\"148\">POIDS<\/td>\n<td class=\"xl66\" width=\"141\">TAILLE DU CHIEN<\/td>\n<td class=\"xl66\" width=\"167\">INTENSIT\u00c9 DE MASTICATION DU CHIEN<\/td>\n<td class=\"xl66\" width=\"132\">DENSIT\u00c9 \/ TEXTURE DU PRODUIT<\/td>\n<td class=\"xl66\" width=\"101\">SAVEUR<\/td>\n<td class=\"xl66\" width=\"123\">RECOMMANDATION<\/td>\n<td class=\"xl66\" width=\"123\">LIFEESTAGE<\/td>\n<\/tr>\n<tr>\n<td class=\"xl69\" width=\"88\" height=\"45\">S<\/td>\n<td class=\"xl69\" width=\"148\">28 \u00e0 50g<br \/>1,0 \u00e0 1,8 oz<\/td>\n<td class=\"xl69\" width=\"141\">5Kg \u00e0 10Kg<br \/>11lbs \u00e0 22lbs<\/td>\n<td class=\"xl70\">M\u00c2CHEUR MOD\u00c9R\u00c9<\/td>\n<td class=\"xl70\">DUR<\/td>\n<td class=\"xl67\">ANTLER<\/td>\n<td class=\"xl68\" width=\"123\">NE CONVIENT PAS AUX CHIOTS<\/td>\n<td class=\"xl68\" width=\"123\">ADULTES<\/td>\n<\/tr>\n<tr>\n<td class=\"xl69\" width=\"88\" height=\"68\">M<\/td>\n<td class=\"xl69\" width=\"148\">51 \u00e0 80g<br \/>1,9 \u00e0 2,8 oz<\/td>\n<td class=\"xl69\" width=\"141\">10Kg \u00e0 20Kg<br \/>22lbs \u00e0 44lbs<\/td>\n<td class=\"xl70\">M\u00c2CHEUR MOD\u00c9R\u00c9<\/td>\n<td class=\"xl70\">DUR<\/td>\n<td class=\"xl67\">ANTLER<\/td>\n<td class=\"xl68\" width=\"123\">NE CONVIENT PAS AUX CHIOTS<\/td>\n<td class=\"xl68\" width=\"123\">ADULTES<\/td>\n<\/tr>\n<tr>\n<td class=\"xl69\" width=\"88\" height=\"45\">L<\/td>\n<td class=\"xl69\" width=\"148\">81 \u00e0 120g<br \/>2,9 \u00e0 5,3 oz<\/td>\n<td class=\"xl69\" width=\"141\">20Kg \u00e0 30Kg<br \/>44lbs \u00e0 66lbs<\/td>\n<td class=\"xl70\">M\u00c2CHEUR MOD\u00c9R\u00c9<\/td>\n<td class=\"xl70\">DUR<\/td>\n<td class=\"xl67\">ANTLER<\/td>\n<td class=\"xl68\" width=\"123\">NE CONVIENT PAS AUX CHIOTS<\/td>\n<td class=\"xl68\" width=\"123\">ADULTES<\/td>\n<\/tr>\n<tr>\n<td class=\"xl69\" width=\"88\" height=\"45\">XL<\/td>\n<td class=\"xl69\" width=\"148\">121 \u00e0 160g<br \/>4,3 \u00e0 5,6 oz<\/td>\n<td class=\"xl69\" width=\"141\">30Kg \u00e0 50Kg<br \/>66lbs \u00e0 110lbs<\/td>\n<td class=\"xl70\">M\u00c2CHEUR MOD\u00c9R\u00c9<\/td>\n<td class=\"xl70\">MOYEN<\/td>\n<td class=\"xl67\">ANTLER<\/td>\n<td class=\"xl68\" width=\"123\">NE CONVIENT PAS AUX CHIOTS<\/td>\n<td class=\"xl68\" width=\"123\">\n<p>ADULTES<\/p>\n<\/td>\n<\/tr>\n<\/tbody>\n<\/table>","protected":false},"excerpt":{"rendered":"<p>Paws up if you love chomp chomping. Well, have we got a chew for you!These Split Deer Antler Dog Chews are loaded with plenty of minerals and nutrients that help&#8230;<\/p>","protected":false},"featured_media":7389,"comment_status":"open","ping_status":"closed","template":"","meta":{"nf_dc_page":""},"product_brand":[],"product_cat":[32],"product_tag":[],"class_list":{"0":"post-7686","1":"product","2":"type-product","3":"status-publish","4":"has-post-thumbnail","6":"product_cat-dogchews","8":"first","9":"instock","10":"taxable","11":"shipping-taxable","12":"purchasable","13":"product-type-variable"},"_links":{"self":[{"href":"https:\/\/littleloyals.com\/fr\/wp-json\/wp\/v2\/product\/7686","targetHints":{"allow":["GET"]}}],"collection":[{"href":"https:\/\/littleloyals.com\/fr\/wp-json\/wp\/v2\/product"}],"about":[{"href":"https:\/\/littleloyals.com\/fr\/wp-json\/wp\/v2\/types\/product"}],"replies":[{"embeddable":true,"href":"https:\/\/littleloyals.com\/fr\/wp-json\/wp\/v2\/comments?post=7686"}],"wp:featuredmedia":[{"embeddable":true,"href":"https:\/\/littleloyals.com\/fr\/wp-json\/wp\/v2\/media\/7389"}],"wp:attachment":[{"href":"https:\/\/littleloyals.com\/fr\/wp-json\/wp\/v2\/media?parent=7686"}],"wp:term":[{"taxonomy":"product_brand","embeddable":true,"href":"https:\/\/littleloyals.com\/fr\/wp-json\/wp\/v2\/product_brand?post=7686"},{"taxonomy":"product_cat","embeddable":true,"href":"https:\/\/littleloyals.com\/fr\/wp-json\/wp\/v2\/product_cat?post=7686"},{"taxonomy":"product_tag","embeddable":true,"href":"https:\/\/littleloyals.com\/fr\/wp-json\/wp\/v2\/product_tag?post=7686"}],"curies":[{"name":"wp","href":"https:\/\/api.w.org\/{rel}","templated":true}]}}