{"id":7690,"date":"2023-12-03T23:35:44","date_gmt":"2023-12-03T23:35:44","guid":{"rendered":"https:\/\/littleloyals.com\/product\/fallow-antler-dog-chew-s-74-150g\/"},"modified":"2023-12-04T15:42:23","modified_gmt":"2023-12-04T15:42:23","slug":"fallow-antler-dog-chew-s-74-150g","status":"publish","type":"product","link":"https:\/\/littleloyals.com\/fr\/produit\/fallow-antler-dog-chew-s-74-150g\/","title":{"rendered":"Jouet \u00e0 m\u00e2cher pour chien en bois de fauve"},"content":{"rendered":"<p>Applaudissez si vous aimez m\u00e2cher. Nous avons un produit \u00e0 m\u00e2cher pour vous !<br \/>\nCes croquettes pour chiens en bois de daim sont riches en min\u00e9raux et en nutriments qui favorisent la mobilit\u00e9, la sant\u00e9 des articulations, la force musculaire et l'am\u00e9lioration du m\u00e9tabolisme. Ce sont \u00e9galement des produits naturels pour faire briller les dents, ce qui permet de les garder propres et d'\u00e9liminer la plaque dentaire. Et comme nous ne servons que la meilleure qualit\u00e9, aucun additif ou ingr\u00e9dient artificiel n'a \u00e9t\u00e9 ajout\u00e9. <span class=\"Apple-converted-space\">\u00a0<\/span><\/p>\n<p>Oh, et tout aussi important, ils proviennent de sources \u00e9thiques. Cela signifie qu'ils sont \u00e9limin\u00e9s naturellement et qu'ils sont r\u00e9colt\u00e9s de mani\u00e8re durable.<br \/>\nAvec une grande surface et une morsure l\u00e9g\u00e8rement douce, ces produits \u00e0 m\u00e2cher de longue dur\u00e9e conviennent aux chiens de tous \u00e2ges et leur procureront des heures d'amusement, \u00e9vitant \u00e0 votre compagnon de s'ennuyer (vos chaussures nous remercieront plus tard !).<br \/>\n- Jouet naturel<br \/>\n- Surface de mastication plus grande et plus souple que les bois de cerf.<br \/>\n- Riche en min\u00e9raux et en nutriments naturels<br \/>\n- Aide \u00e0 maintenir une bonne sant\u00e9 bucco-dentaire. Excellent pour aider \u00e0 gratter l'exc\u00e8s de nourriture et le tartre.<br \/>\n- Durable et inodore<br \/>\n- S\u00fbr et propre. Ne s'\u00e9caille pas et ne fait pas d'\u00e9chardes<br \/>\n- Convient aux chiots \u00e2g\u00e9s de plus de 3 mois<br \/>\n- Convient aux chiens \u00e2g\u00e9s et aux chiens dont la force de mastication est plus faible<br \/>\n- Convient aux petites races de chiens<br \/>\n- Ingr\u00e9dients : 100% bois de daim naturel.<br \/>\nFaits nutritionnels :<span class=\"Apple-converted-space\"><br \/>\n<\/span>- Remplis de vitamines et de min\u00e9raux, les produits \u00e0 m\u00e2cher en bois de cerf sont \u00e9galement parfaits pour l'int\u00e9rieur et pour l'hygi\u00e8ne dentaire de votre chien.<\/p>\n<table border=\"0\" width=\"1157\" cellspacing=\"0\" cellpadding=\"0\">\n<colgroup>\n<col width=\"88\" \/>\n<col width=\"148\" \/>\n<col width=\"141\" \/>\n<col width=\"167\" \/>\n<col width=\"132\" \/>\n<col width=\"101\" \/>\n<col width=\"171\" \/>\n<col width=\"209\" \/><\/colgroup>\n<tbody>\n<tr>\n<td class=\"xl66\" width=\"88\" height=\"68\">TAILLE<\/td>\n<td class=\"xl66\" width=\"148\">POIDS<\/td>\n<td class=\"xl66\" width=\"141\">TAILLE DU CHIEN<\/td>\n<td class=\"xl66\" width=\"167\">INTENSIT\u00c9 DE MASTICATION DU CHIEN<\/td>\n<td class=\"xl66\" width=\"132\">DENSIT\u00c9 \/ TEXTURE DU PRODUIT<\/td>\n<td class=\"xl66\" width=\"101\">SAVEUR<\/td>\n<td class=\"xl66\" width=\"171\">RECOMMANDATION<\/td>\n<td class=\"xl66\" width=\"209\">LIFEESTAGE<\/td>\n<\/tr>\n<tr>\n<td class=\"xl69\" width=\"88\" height=\"68\">S<\/td>\n<td class=\"xl69\" width=\"148\">74 \u00e0 150g<br \/>\n2,6 \u00e0 5,3 oz<\/td>\n<td class=\"xl69\" width=\"141\">5Kg \u00e0 10Kg<br \/>\n11lbs \u00e0 22lbs<\/td>\n<td class=\"xl70\">CHEWER DOUX<\/td>\n<td class=\"xl70\">SUPER DOUX<\/td>\n<td class=\"xl67\">ANTLER<\/td>\n<td class=\"xl68\" width=\"171\">CONVIENT AUX CHIOTS, AUX ADULTES ET AUX CHIENS \u00c2G\u00c9S<\/td>\n<td class=\"xl67\">CHIOT \/ ADULTE \/ SENIOR<\/td>\n<\/tr>\n<tr>\n<td class=\"xl69\" width=\"88\" height=\"68\">M<\/td>\n<td class=\"xl69\" width=\"148\">151 \u00e0 220 g<br \/>\n5,4 \u00e0 7,8 oz<\/td>\n<td class=\"xl69\" width=\"141\">10Kg \u00e0 20Kg<br \/>\n22lbs \u00e0 44lbs<\/td>\n<td class=\"xl70\">CHEWER DOUX<\/td>\n<td class=\"xl70\">SUPER DOUX<\/td>\n<td class=\"xl67\">ANTLER<\/td>\n<td class=\"xl68\" width=\"171\">CONVIENT AUX CHIOTS, AUX ADULTES ET AUX CHIENS \u00c2G\u00c9S<\/td>\n<td class=\"xl67\">CHIOT \/ ADULTE \/ SENIOR<\/td>\n<\/tr>\n<tr>\n<td class=\"xl69\" width=\"88\" height=\"68\">L<\/td>\n<td class=\"xl69\" width=\"148\">221 \u00e0 300g<br \/>\n7,9 \u00e0 10,6 oz<\/td>\n<td class=\"xl69\" width=\"141\">20Kg \u00e0 30Kg<br \/>\n44lbs \u00e0 66lbs<\/td>\n<td class=\"xl70\">CHEWER DOUX<\/td>\n<td class=\"xl70\">SUPER DOUX<\/td>\n<td class=\"xl67\">ANTLER<\/td>\n<td class=\"xl68\" width=\"171\">CONVIENT AUX CHIOTS, AUX ADULTES ET AUX CHIENS \u00c2G\u00c9S<\/td>\n<td class=\"xl67\">CHIOT \/ ADULTE \/ SENIOR<\/td>\n<\/tr>\n<\/tbody>\n<\/table>","protected":false},"excerpt":{"rendered":"<p>Paws up if you love chomp chomping. Well, have we got a chew for you! These Fallow Deer Antler Dog Chews are loaded with plenty of minerals and nutrients that&#8230;<\/p>","protected":false},"featured_media":7354,"comment_status":"open","ping_status":"closed","template":"","meta":{"nf_dc_page":""},"product_brand":[],"product_cat":[32],"product_tag":[],"class_list":{"0":"post-7690","1":"product","2":"type-product","3":"status-publish","4":"has-post-thumbnail","6":"product_cat-dogchews","8":"first","9":"instock","10":"taxable","11":"shipping-taxable","12":"purchasable","13":"product-type-variable","14":"has-default-attributes"},"_links":{"self":[{"href":"https:\/\/littleloyals.com\/fr\/wp-json\/wp\/v2\/product\/7690","targetHints":{"allow":["GET"]}}],"collection":[{"href":"https:\/\/littleloyals.com\/fr\/wp-json\/wp\/v2\/product"}],"about":[{"href":"https:\/\/littleloyals.com\/fr\/wp-json\/wp\/v2\/types\/product"}],"replies":[{"embeddable":true,"href":"https:\/\/littleloyals.com\/fr\/wp-json\/wp\/v2\/comments?post=7690"}],"wp:featuredmedia":[{"embeddable":true,"href":"https:\/\/littleloyals.com\/fr\/wp-json\/wp\/v2\/media\/7354"}],"wp:attachment":[{"href":"https:\/\/littleloyals.com\/fr\/wp-json\/wp\/v2\/media?parent=7690"}],"wp:term":[{"taxonomy":"product_brand","embeddable":true,"href":"https:\/\/littleloyals.com\/fr\/wp-json\/wp\/v2\/product_brand?post=7690"},{"taxonomy":"product_cat","embeddable":true,"href":"https:\/\/littleloyals.com\/fr\/wp-json\/wp\/v2\/product_cat?post=7690"},{"taxonomy":"product_tag","embeddable":true,"href":"https:\/\/littleloyals.com\/fr\/wp-json\/wp\/v2\/product_tag?post=7690"}],"curies":[{"name":"wp","href":"https:\/\/api.w.org\/{rel}","templated":true}]}}