{"id":7693,"date":"2023-12-03T23:35:46","date_gmt":"2023-12-03T23:35:46","guid":{"rendered":"https:\/\/littleloyals.com\/product\/buffalo-horn-dog-chew-xs-30-99g\/"},"modified":"2024-08-16T18:29:14","modified_gmt":"2024-08-16T18:29:14","slug":"buffalo-horn-dog-chew-xs-30-99g","status":"publish","type":"product","link":"https:\/\/littleloyals.com\/fr\/produit\/buffalo-horn-dog-chew-xs-30-99g\/","title":{"rendered":"M\u00e2choire en corne de buffle pour chien - XS - 30 - 99g"},"content":{"rendered":"<p>Applaudissez si vous aimez m\u00e2cher. Nous avons un produit \u00e0 m\u00e2cher pour vous !<br \/>Ces croquettes pour chien en corne de buffle sont riches en calcium et en phosphore, ce qui contribue \u00e0 la sant\u00e9 des os et des muscles. Elles sont \u00e9galement riches en prot\u00e9ines, mais pauvres en mati\u00e8res grasses. Ils sont \u00e9galement des agents de polissage naturels qui aident \u00e0 garder les dents propres et \u00e0 \u00e9liminer la plaque dentaire. Et comme nous ne servons que la meilleure qualit\u00e9, aucun additif ou ingr\u00e9dient artificiel n'a \u00e9t\u00e9 ajout\u00e9.<span class=\"Apple-converted-space\">\u00a0 \u00a0<\/span><\/p>\n<p>Oh, et tout aussi important, ils sont r\u00e9colt\u00e9s de mani\u00e8re durable sur des buffles nourris \u00e0 l'herbe.<br \/>Con\u00e7us pour les chiens adultes, ces produits \u00e0 m\u00e2cher ultra-durs et durables vous procureront des heures de plaisir et \u00e9viteront \u00e0 votre compagnon de s'ennuyer (vos chaussures nous remercieront plus tard !).<br \/>- Riche en prot\u00e9ines, min\u00e9raux et nutriments naturels<br \/>- Aide \u00e0 maintenir une bonne sant\u00e9 bucco-dentaire. Id\u00e9al pour gratter l'exc\u00e8s de nourriture et le tartre<br \/>- Tr\u00e8s r\u00e9sistant, durable et inodore<br \/>- S\u00fbr et propre. Ne s'\u00e9caille pas et ne fait pas d'\u00e9chardes<br \/>- Convient \u00e0 toutes les races de chiens<br \/>- Ne convient pas aux chiots, aux chiens \u00e2g\u00e9s ou aux chiens aux dents fragiles.<\/p>\n<table border=\"0\" width=\"1157\" cellspacing=\"0\" cellpadding=\"0\">\n<colgroup>\n<col width=\"88\" \/>\n<col width=\"148\" \/>\n<col width=\"141\" \/>\n<col width=\"167\" \/>\n<col width=\"132\" \/>\n<col width=\"101\" \/>\n<col width=\"171\" \/>\n<col width=\"209\" \/><\/colgroup>\n<tbody>\n<tr>\n<td class=\"xl66\" width=\"88\" height=\"68\">TAILLE\u00a0<\/td>\n<td class=\"xl66\" width=\"148\">POIDS<\/td>\n<td class=\"xl66\" width=\"141\">TAILLE DU CHIEN<\/td>\n<td class=\"xl66\" width=\"167\">INTENSIT\u00c9 DE MASTICATION DU CHIEN<\/td>\n<td class=\"xl66\" width=\"132\">DENSIT\u00c9 \/ TEXTURE DU PRODUIT<\/td>\n<td class=\"xl66\" width=\"101\">SAVEUR<\/td>\n<td class=\"xl66\" width=\"171\">RECOMMANDATION<\/td>\n<td class=\"xl66\" width=\"209\">LIFEESTAGE<\/td>\n<\/tr>\n<tr>\n<td class=\"xl69\" width=\"88\" height=\"68\">XS<\/td>\n<td class=\"xl69\" width=\"148\">30 \u00e0 99g<br \/>1,1 \u00e0 3,5 oz<\/td>\n<td class=\"xl69\" width=\"141\">Jusqu'\u00e0 5 kg<br \/>Jusqu'\u00e0 11lbs<\/td>\n<td class=\"xl67\">M\u00c2CHEUR EXP\u00c9RIMENT\u00c9<\/td>\n<td class=\"xl67\">DUR<\/td>\n<td class=\"xl67\">BUFFALO<\/td>\n<td class=\"xl68\" width=\"171\">NE CONVIENT PAS AUX CHIOTS ET AUX CHIENS \u00c2G\u00c9S\u00a0<\/td>\n<td class=\"xl67\">ADULTES<\/td>\n<\/tr>\n<tr>\n<td class=\"xl69\" width=\"88\" height=\"68\">S<\/td>\n<td class=\"xl69\" width=\"148\">100 \u00e0 250g<br \/>3,6 \u00e0 8,8 oz<\/td>\n<td class=\"xl69\" width=\"141\">5Kg \u00e0 10Kg<br \/>11lbs \u00e0 22lbs<\/td>\n<td class=\"xl67\">M\u00c2CHEUR EXP\u00c9RIMENT\u00c9<\/td>\n<td class=\"xl67\">DUR<\/td>\n<td class=\"xl67\">BUFFALO<\/td>\n<td class=\"xl68\" width=\"171\">NE CONVIENT PAS AUX CHIOTS ET AUX CHIENS \u00c2G\u00c9S\u00a0<\/td>\n<td class=\"xl67\">ADULTES<\/td>\n<\/tr>\n<tr>\n<td class=\"xl69\" width=\"88\" height=\"68\">M<\/td>\n<td class=\"xl69\" width=\"148\">251 \u00e0 400g<br \/>8,9 \u00e0 14 oz<\/td>\n<td class=\"xl69\" width=\"141\">10Kg \u00e0 20Kg<br \/>22lbs \u00e0 44lbs<\/td>\n<td class=\"xl67\">M\u00c2CHEUR EXP\u00c9RIMENT\u00c9<\/td>\n<td class=\"xl67\">DUR<\/td>\n<td class=\"xl67\">BUFFALO<\/td>\n<td class=\"xl68\" width=\"171\">NE CONVIENT PAS AUX CHIOTS ET AUX CHIENS \u00c2G\u00c9S\u00a0<\/td>\n<td class=\"xl67\">ADULTES<\/td>\n<\/tr>\n<tr>\n<td class=\"xl69\" width=\"88\" height=\"68\">L<\/td>\n<td class=\"xl69\" width=\"148\">400+g<br \/>14,1+oz<\/td>\n<td class=\"xl69\" width=\"141\">20Kg \u00e0 30Kg<br \/>44lbs \u00e0 66lbs<\/td>\n<td class=\"xl67\">M\u00c2CHEUR EXP\u00c9RIMENT\u00c9<\/td>\n<td class=\"xl67\">DUR<\/td>\n<td class=\"xl67\">BUFFALO<\/td>\n<td class=\"xl68\" width=\"171\">NE CONVIENT PAS AUX CHIOTS ET AUX CHIENS \u00c2G\u00c9S\u00a0<\/td>\n<td class=\"xl67\">ADULTES<\/td>\n<\/tr>\n<\/tbody>\n<\/table>","protected":false},"excerpt":{"rendered":"<p>Paws up if you love chomp chomping. Well, have we got a chew for you!These Buffalo Horn Dog Chews are loaded with plenty of calcium and phosphorus which supports bone&#8230;<\/p>","protected":false},"featured_media":7417,"comment_status":"open","ping_status":"closed","template":"","meta":{"nf_dc_page":""},"product_brand":[],"product_cat":[32],"product_tag":[],"class_list":{"0":"post-7693","1":"product","2":"type-product","3":"status-publish","4":"has-post-thumbnail","6":"product_cat-dogchews","8":"first","9":"instock","10":"taxable","11":"shipping-taxable","12":"purchasable","13":"product-type-variable"},"_links":{"self":[{"href":"https:\/\/littleloyals.com\/fr\/wp-json\/wp\/v2\/product\/7693","targetHints":{"allow":["GET"]}}],"collection":[{"href":"https:\/\/littleloyals.com\/fr\/wp-json\/wp\/v2\/product"}],"about":[{"href":"https:\/\/littleloyals.com\/fr\/wp-json\/wp\/v2\/types\/product"}],"replies":[{"embeddable":true,"href":"https:\/\/littleloyals.com\/fr\/wp-json\/wp\/v2\/comments?post=7693"}],"wp:featuredmedia":[{"embeddable":true,"href":"https:\/\/littleloyals.com\/fr\/wp-json\/wp\/v2\/media\/7417"}],"wp:attachment":[{"href":"https:\/\/littleloyals.com\/fr\/wp-json\/wp\/v2\/media?parent=7693"}],"wp:term":[{"taxonomy":"product_brand","embeddable":true,"href":"https:\/\/littleloyals.com\/fr\/wp-json\/wp\/v2\/product_brand?post=7693"},{"taxonomy":"product_cat","embeddable":true,"href":"https:\/\/littleloyals.com\/fr\/wp-json\/wp\/v2\/product_cat?post=7693"},{"taxonomy":"product_tag","embeddable":true,"href":"https:\/\/littleloyals.com\/fr\/wp-json\/wp\/v2\/product_tag?post=7693"}],"curies":[{"name":"wp","href":"https:\/\/api.w.org\/{rel}","templated":true}]}}