{"id":7700,"date":"2023-12-03T23:35:51","date_gmt":"2023-12-03T23:35:51","guid":{"rendered":"https:\/\/littleloyals.com\/product\/heather-tree-root-dog-chew-xs-60-150g\/"},"modified":"2023-12-04T15:07:42","modified_gmt":"2023-12-04T15:07:42","slug":"heather-tree-root-dog-chew-xs-60-150g","status":"publish","type":"product","link":"https:\/\/littleloyals.com\/fr\/produit\/heather-tree-root-dog-chew-xs-60-150g\/","title":{"rendered":"Racine d'arbre de bruy\u00e8re \u00e0 m\u00e2cher pour chien"},"content":{"rendered":"<p>Applaudissez si vous aimez avoir l'haleine fra\u00eeche et les dents propres. Nous avons un produit \u00e0 m\u00e2cher pour vous !<br \/>Les Heather Root Chews sont des produits naturels qui font briller les dents et qui aident \u00e0 \u00e9liminer la plaque dentaire tout en procurant des heures de plaisir \u00e0 m\u00e2cher. Enti\u00e8rement naturelles, sans additifs ni ingr\u00e9dients artificiels, nous les consid\u00e9rons comme la brosse \u00e0 dents de la nature.<span class=\"Apple-converted-space\">\u00a0<br \/><\/span>En creusant, la racine naturelle se transforme en une d\u00e9licieuse p\u00e2te comestible riche en fibres, en magn\u00e9sium et en fer, ce qui contribue \u00e0 am\u00e9liorer la sant\u00e9 digestive g\u00e9n\u00e9rale.<br \/>Parfaites pour les chiens de tous \u00e2ges, ces friandises \u00e0 m\u00e2cher de longue dur\u00e9e \u00e9loigneront \u00e0 coup s\u00fbr l'ennui de votre compagnon (croyez-nous, vos chaussures nous remercieront plus tard !).<br \/>- 100% racine de bruy\u00e8re naturelle.<br \/>- Riche en fibres et en min\u00e9raux tels que le fer et le magn\u00e9sium<br \/>- Id\u00e9al pour les chiens souffrant d'allergies<br \/>- Aide \u00e0 maintenir une bonne sant\u00e9 bucco-dentaire. Excellent pour aider \u00e0 gratter l'exc\u00e8s de nourriture et le tartre.<br \/>- Tr\u00e8s r\u00e9sistant, durable et inodore<br \/>- S\u00fbr et propre. Ne s'\u00e9caille pas et ne fait pas d'\u00e9chardes. La racine devient une p\u00e2te comestible que le chien peut manger.<br \/>- Convient aux chiots \u00e2g\u00e9s de plus de 4 mois<br \/>- Convient \u00e0 toutes les races de chiens<br \/>- Ingr\u00e9dients : 100% racine de bruy\u00e8re naturelle<\/p>\n<table border=\"0\" width=\"1157\" cellspacing=\"0\" cellpadding=\"0\">\n<colgroup>\n<col width=\"88\" \/>\n<col width=\"148\" \/>\n<col width=\"141\" \/>\n<col width=\"167\" \/>\n<col width=\"132\" \/>\n<col width=\"101\" \/>\n<col width=\"171\" \/>\n<col width=\"209\" \/><\/colgroup>\n<tbody>\n<tr>\n<td class=\"xl66\" width=\"88\" height=\"68\">TAILLE\u00a0<\/td>\n<td class=\"xl66\" width=\"148\">POIDS<\/td>\n<td class=\"xl66\" width=\"141\">TAILLE DU CHIEN<\/td>\n<td class=\"xl66\" width=\"167\">INTENSIT\u00c9 DE MASTICATION DU CHIEN<\/td>\n<td class=\"xl66\" width=\"132\">DENSIT\u00c9 \/ TEXTURE DU PRODUIT<\/td>\n<td class=\"xl66\" width=\"101\">SAVEUR<\/td>\n<td class=\"xl66\" width=\"171\">RECOMMANDATION<\/td>\n<td class=\"xl66\" width=\"209\">LIFEESTAGE<\/td>\n<\/tr>\n<tr>\n<td class=\"xl68\" width=\"88\" height=\"68\">XS<\/td>\n<td class=\"xl68\" width=\"148\">60 \u00e0 150g<br \/>2,1 \u00e0 5,3 oz<\/td>\n<td class=\"xl68\" width=\"141\">Jusqu'\u00e0 5 kg<br \/>Jusqu'\u00e0 11lbs<\/td>\n<td class=\"xl67\">M\u00c9NAGEUR COMP\u00c9TENT<\/td>\n<td class=\"xl67\">DUR<\/td>\n<td class=\"xl67\">BOIS<\/td>\n<td class=\"xl69\" width=\"171\">CONVIENT AUX CHIOTS, AUX ADULTES ET AUX CHIENS \u00c2G\u00c9S\u00a0<\/td>\n<td class=\"xl70\">CHIOT \/ ADULTE \/ SENIOR<\/td>\n<\/tr>\n<tr>\n<td class=\"xl68\" width=\"88\" height=\"68\">S<\/td>\n<td class=\"xl68\" width=\"148\">151 \u00e0 300g<br \/>5,4 \u00e0 10,6 oz<\/td>\n<td class=\"xl68\" width=\"141\">5Kg \u00e0 10Kg<br \/>11lbs \u00e0 22lbs<\/td>\n<td class=\"xl67\">M\u00c9NAGEUR COMP\u00c9TENT<\/td>\n<td class=\"xl67\">DUR<\/td>\n<td class=\"xl67\">BOIS<\/td>\n<td class=\"xl69\" width=\"171\">CONVIENT AUX CHIOTS, AUX ADULTES ET AUX CHIENS \u00c2G\u00c9S\u00a0<\/td>\n<td class=\"xl70\">CHIOT \/ ADULTE \/ SENIOR<\/td>\n<\/tr>\n<tr>\n<td class=\"xl68\" width=\"88\" height=\"68\">M<\/td>\n<td class=\"xl68\" width=\"148\">301 \u00e0 500g<br \/>10,7 \u00e0 17,6 oz<\/td>\n<td class=\"xl68\" width=\"141\">10Kg \u00e0 20Kg<br \/>22lbs \u00e0 44lbs<\/td>\n<td class=\"xl67\">M\u00c9NAGEUR COMP\u00c9TENT<\/td>\n<td class=\"xl67\">DUR<\/td>\n<td class=\"xl67\">BOIS<\/td>\n<td class=\"xl69\" width=\"171\">CONVIENT AUX CHIOTS, AUX ADULTES ET AUX CHIENS \u00c2G\u00c9S\u00a0<\/td>\n<td class=\"xl70\">CHIOT \/ ADULTE \/ SENIOR<\/td>\n<\/tr>\n<tr>\n<td class=\"xl68\" width=\"88\" height=\"68\">L<\/td>\n<td class=\"xl68\" width=\"148\">501 \u00e0 700g<br \/>17,7 \u00e0 24,7 oz<\/td>\n<td class=\"xl68\" width=\"141\">20Kg \u00e0 30Kg<br \/>44lbs \u00e0 66lbs<\/td>\n<td class=\"xl71\">M\u00c9NAGEUR COMP\u00c9TENT<\/td>\n<td class=\"xl71\">DUR<\/td>\n<td class=\"xl71\">BOIS<\/td>\n<td class=\"xl69\" width=\"171\">CONVIENT AUX CHIOTS, AUX ADULTES ET AUX CHIENS \u00c2G\u00c9S\u00a0<\/td>\n<td class=\"xl70\">CHIOT \/ ADULTE \/ SENIOR<\/td>\n<\/tr>\n<tr>\n<td class=\"xl68\" width=\"88\" height=\"68\">XL<\/td>\n<td class=\"xl68\" width=\"148\">701 \u00e0 1000g<br \/>24,8 \u00e0 35,3 oz<\/td>\n<td class=\"xl68\" width=\"141\">30Kg \u00e0 50Kg<br \/>66lbs \u00e0 110lbs<\/td>\n<td class=\"xl71\">M\u00c9NAGEUR COMP\u00c9TENT<\/td>\n<td class=\"xl71\">DUR<\/td>\n<td class=\"xl71\">BOIS<\/td>\n<td class=\"xl69\" width=\"171\">CONVIENT AUX CHIOTS, AUX ADULTES ET AUX CHIENS \u00c2G\u00c9S\u00a0<\/td>\n<td class=\"xl70\">\u00a0<\/td>\n<\/tr>\n<\/tbody>\n<\/table>","protected":false},"excerpt":{"rendered":"<p>Paws up if you love fresh breath and squeaky clean teeth. Well, have we got a chew for you!These Heather Root Chews are natural teeth shiners, which help remove nasty&#8230;<\/p>","protected":false},"featured_media":7413,"comment_status":"open","ping_status":"closed","template":"","meta":{"nf_dc_page":""},"product_brand":[],"product_cat":[32],"product_tag":[],"class_list":{"0":"post-7700","1":"product","2":"type-product","3":"status-publish","4":"has-post-thumbnail","6":"product_cat-dogchews","8":"first","9":"instock","10":"taxable","11":"shipping-taxable","12":"purchasable","13":"product-type-variable"},"_links":{"self":[{"href":"https:\/\/littleloyals.com\/fr\/wp-json\/wp\/v2\/product\/7700","targetHints":{"allow":["GET"]}}],"collection":[{"href":"https:\/\/littleloyals.com\/fr\/wp-json\/wp\/v2\/product"}],"about":[{"href":"https:\/\/littleloyals.com\/fr\/wp-json\/wp\/v2\/types\/product"}],"replies":[{"embeddable":true,"href":"https:\/\/littleloyals.com\/fr\/wp-json\/wp\/v2\/comments?post=7700"}],"wp:featuredmedia":[{"embeddable":true,"href":"https:\/\/littleloyals.com\/fr\/wp-json\/wp\/v2\/media\/7413"}],"wp:attachment":[{"href":"https:\/\/littleloyals.com\/fr\/wp-json\/wp\/v2\/media?parent=7700"}],"wp:term":[{"taxonomy":"product_brand","embeddable":true,"href":"https:\/\/littleloyals.com\/fr\/wp-json\/wp\/v2\/product_brand?post=7700"},{"taxonomy":"product_cat","embeddable":true,"href":"https:\/\/littleloyals.com\/fr\/wp-json\/wp\/v2\/product_cat?post=7700"},{"taxonomy":"product_tag","embeddable":true,"href":"https:\/\/littleloyals.com\/fr\/wp-json\/wp\/v2\/product_tag?post=7700"}],"curies":[{"name":"wp","href":"https:\/\/api.w.org\/{rel}","templated":true}]}}