{"id":7705,"date":"2023-12-03T23:35:53","date_gmt":"2023-12-03T23:35:53","guid":{"rendered":"https:\/\/littleloyals.com\/product\/olive-wood-dog-chew-s-60g-99g\/"},"modified":"2023-12-04T15:07:42","modified_gmt":"2023-12-04T15:07:42","slug":"olive-wood-dog-chew-s-60g-99g","status":"publish","type":"product","link":"https:\/\/littleloyals.com\/fr\/produit\/olive-wood-dog-chew-s-60g-99g\/","title":{"rendered":"M\u00e2choire pour chien en bois d'olivier"},"content":{"rendered":"<p>Voil\u00e0 un b\u00e2ton digne de toute collection canine !<span class=\"Apple-converted-space\">\u00a0<\/span><\/p>\n<p>M\u00e2chouillables, chassables et faciles \u00e0 dissimuler dans leur cachette pr\u00e9f\u00e9r\u00e9e (attention aux coussins de canap\u00e9 !), votre chien hurlera pour ces m\u00e2chouillis durables en bois d'olivier, qui ne l'ennuient pas. Comme ils sont naturellement pleins de nutriments et de vitamines, nous nous contentons de laver d\u00e9licatement le bois, de le poncer pour lui donner une texture d\u00e9licieusement lisse et de l'enduire d'huile d'olive vierge 100% pour lui donner un go\u00fbt encore plus savoureux.<\/p>\n<p>Oh, et avons-nous mentionn\u00e9 qu'ils sont aussi un excellent nettoyeur de dents naturel ? Leur texture dure aide \u00e0 lutter contre la plaque dentaire tout en procurant des heures de plaisir.<\/p>\n<p>Fabriqu\u00e9es en bois d'olivier naturel r\u00e9colt\u00e9 de mani\u00e8re durable, elles ne s'\u00e9caillent pas et ne font pas d'\u00e9chardes, ce qui vous permet de vous sentir \u00e0 l'aise pendant que votre chien creuse.<br \/>- M\u00e2cher naturel<br \/>- Convient aux chiots \u00e2g\u00e9s de plus de 3 mois<br \/>- Convient \u00e0 toutes les races de chiens<br \/>- Riche en vitamines, en fibres et en min\u00e9raux naturels<br \/>- Id\u00e9al pour les gros m\u00e2cheurs et les chiens tr\u00e8s actifs<br \/>- Nettoie les dents et r\u00e9duit la formation de plaque et de tartre<br \/>- Tr\u00e8s r\u00e9sistant, durable, inodore et tr\u00e8s savoureux.<br \/>- S\u00fbr et propre. Ne s'\u00e9caille pas et ne fait pas d'\u00e9chardes<br \/>- Agit comme un stimulant et un anti-stress<br \/>- Pas d'additifs ni d'ingr\u00e9dients artificiels<br \/>- Longue dur\u00e9e et inodore<span class=\"Apple-converted-space\">\u00a0 \u00a0\u00a0<\/span><\/p>\n<table border=\"0\" width=\"1157\" cellspacing=\"0\" cellpadding=\"0\">\n<colgroup>\n<col width=\"88\" \/>\n<col width=\"148\" \/>\n<col width=\"141\" \/>\n<col width=\"167\" \/>\n<col width=\"132\" \/>\n<col width=\"101\" \/>\n<col width=\"171\" \/>\n<col width=\"209\" \/><\/colgroup>\n<tbody>\n<tr>\n<td class=\"xl66\" width=\"88\" height=\"68\">TAILLE\u00a0<\/td>\n<td class=\"xl66\" width=\"148\">POIDS<\/td>\n<td class=\"xl66\" width=\"141\">TAILLE DU CHIEN<\/td>\n<td class=\"xl66\" width=\"167\">INTENSIT\u00c9 DE MASTICATION DU CHIEN<\/td>\n<td class=\"xl66\" width=\"132\">DENSIT\u00c9 \/ TEXTURE DU PRODUIT<\/td>\n<td class=\"xl66\" width=\"101\">SAVEUR<\/td>\n<td class=\"xl66\" width=\"171\">RECOMMANDATION<\/td>\n<td class=\"xl66\" width=\"209\">LIFEESTAGE<\/td>\n<\/tr>\n<tr>\n<td class=\"xl69\" width=\"88\" height=\"68\">S<\/td>\n<td class=\"xl69\" width=\"148\">60 \u00e0 99g<br \/>2,1 \u00e0 3,5 oz<\/td>\n<td class=\"xl69\" width=\"141\">5Kg \u00e0 10Kg<br \/>11lbs \u00e0 22lbs<\/td>\n<td class=\"xl70\">CHEWER DOUX\u00a0<\/td>\n<td class=\"xl70\">MOYENNEMENT SOUPLE<\/td>\n<td class=\"xl67\">BOIS<\/td>\n<td class=\"xl68\" width=\"171\">CONVIENT AUX CHIOTS, AUX ADULTES ET AUX CHIENS \u00c2G\u00c9S\u00a0<\/td>\n<td class=\"xl71\">CHIOT \/ ADULTE \/ SENIOR<\/td>\n<\/tr>\n<tr>\n<td class=\"xl69\" width=\"88\" height=\"68\">M<\/td>\n<td class=\"xl69\" width=\"148\">100 \u00e0 220 g<br \/>3,6 \u00e0 7,8 oz<\/td>\n<td class=\"xl69\" width=\"141\">10Kg \u00e0 20Kg<br \/>22lbs \u00e0 44lbs<\/td>\n<td class=\"xl70\">CHEWER DOUX\u00a0<\/td>\n<td class=\"xl70\">MOYENNEMENT SOUPLE<\/td>\n<td class=\"xl67\">BOIS<\/td>\n<td class=\"xl68\" width=\"171\">CONVIENT AUX CHIOTS, AUX ADULTES ET AUX CHIENS \u00c2G\u00c9S\u00a0<\/td>\n<td class=\"xl71\">CHIOT \/ ADULTE \/ SENIOR<\/td>\n<\/tr>\n<tr>\n<td class=\"xl69\" width=\"88\" height=\"68\">L<\/td>\n<td class=\"xl69\" width=\"148\">221 \u00e0 450g<br \/>7,9 \u00e0 15,9 oz<\/td>\n<td class=\"xl69\" width=\"141\">20Kg \u00e0 30Kg<br \/>44lbs \u00e0 66lbs<\/td>\n<td class=\"xl70\">CHEWER DOUX\u00a0<\/td>\n<td class=\"xl70\">MOYENNEMENT SOUPLE<\/td>\n<td class=\"xl67\">BOIS<\/td>\n<td class=\"xl68\" width=\"171\">CONVIENT AUX CHIOTS, AUX ADULTES ET AUX CHIENS \u00c2G\u00c9S\u00a0<\/td>\n<td class=\"xl71\">\n<p>CHIOT \/ ADULTE \/ SENIOR<\/p>\n<\/td>\n<\/tr>\n<\/tbody>\n<\/table>","protected":false},"excerpt":{"rendered":"<p>Now here\u2019s a stick worthy of any canine collection!\u00a0 Chewable, chaseable, and easy to tuck into any favorite hiding spot (watch out couch cushions!), your dog will howl for these&#8230;<\/p>","protected":false},"featured_media":7393,"comment_status":"open","ping_status":"closed","template":"","meta":{"nf_dc_page":""},"product_brand":[],"product_cat":[32],"product_tag":[],"class_list":{"0":"post-7705","1":"product","2":"type-product","3":"status-publish","4":"has-post-thumbnail","6":"product_cat-dogchews","8":"first","9":"instock","10":"taxable","11":"shipping-taxable","12":"purchasable","13":"product-type-variable"},"_links":{"self":[{"href":"https:\/\/littleloyals.com\/fr\/wp-json\/wp\/v2\/product\/7705","targetHints":{"allow":["GET"]}}],"collection":[{"href":"https:\/\/littleloyals.com\/fr\/wp-json\/wp\/v2\/product"}],"about":[{"href":"https:\/\/littleloyals.com\/fr\/wp-json\/wp\/v2\/types\/product"}],"replies":[{"embeddable":true,"href":"https:\/\/littleloyals.com\/fr\/wp-json\/wp\/v2\/comments?post=7705"}],"wp:featuredmedia":[{"embeddable":true,"href":"https:\/\/littleloyals.com\/fr\/wp-json\/wp\/v2\/media\/7393"}],"wp:attachment":[{"href":"https:\/\/littleloyals.com\/fr\/wp-json\/wp\/v2\/media?parent=7705"}],"wp:term":[{"taxonomy":"product_brand","embeddable":true,"href":"https:\/\/littleloyals.com\/fr\/wp-json\/wp\/v2\/product_brand?post=7705"},{"taxonomy":"product_cat","embeddable":true,"href":"https:\/\/littleloyals.com\/fr\/wp-json\/wp\/v2\/product_cat?post=7705"},{"taxonomy":"product_tag","embeddable":true,"href":"https:\/\/littleloyals.com\/fr\/wp-json\/wp\/v2\/product_tag?post=7705"}],"curies":[{"name":"wp","href":"https:\/\/api.w.org\/{rel}","templated":true}]}}