{"id":7708,"date":"2023-12-03T23:35:54","date_gmt":"2023-12-03T23:35:54","guid":{"rendered":"https:\/\/littleloyals.com\/product\/ebony-wood-dog-chew-m-80-200g\/"},"modified":"2025-01-19T15:59:55","modified_gmt":"2025-01-19T15:59:55","slug":"ebony-wood-dog-chew-m-80-200g","status":"publish","type":"product","link":"https:\/\/littleloyals.com\/fr\/produit\/ebony-wood-dog-chew-m-80-200g\/","title":{"rendered":"M\u00e2choire pour chien en bois d'\u00e9b\u00e8ne"},"content":{"rendered":"<p>Voil\u00e0 un b\u00e2ton digne de toute collection canine !<span class=\"Apple-converted-space\">\u00a0<\/span><\/p>\n<p>M\u00e2chouillables, chassables et faciles \u00e0 dissimuler dans leur cachette pr\u00e9f\u00e9r\u00e9e (attention aux coussins de canap\u00e9 !), votre chien hurlera pour ces m\u00e2chouillis en bois d'\u00e9b\u00e8ne qui durent longtemps et qui \u00e9liminent l'ennui. Comme ils sont naturellement pleins de nutriments et de vitamines, nous nous contentons de laver d\u00e9licatement le bois, de le poncer pour lui donner une texture d\u00e9licieusement lisse et de l'enduire d'huile d'olive vierge 100% pour lui donner un go\u00fbt encore plus savoureux.<\/p>\n<p>Oh, et avons-nous mentionn\u00e9 qu'ils sont aussi un excellent nettoyeur de dents naturel ? Leur texture dure aide \u00e0 lutter contre la plaque dentaire tout en procurant des heures de plaisir.<br \/>Fabriqu\u00e9es en bois d'\u00e9b\u00e8ne naturel r\u00e9colt\u00e9 de mani\u00e8re durable, elles ne s'\u00e9cailleront pas et ne feront pas d'\u00e9chardes si votre chien est un mordilleur, ce qui vous permet de vous sentir \u00e0 l'aise pendant que votre chien creuse.<\/p>\n<p>Avantages :<span class=\"Apple-converted-space\">\u00a0\u00a0<br \/><\/span>- Riche en vitamines et en min\u00e9raux naturels<br \/>- Id\u00e9al pour les chiens actifs<br \/>- Aide \u00e0 renforcer les muscles de la m\u00e2choire<br \/>- Aide \u00e0 maintenir une bonne sant\u00e9 bucco-dentaire. Excellent pour aider \u00e0 gratter l'exc\u00e8s de nourriture et le tartre.<br \/>- Tr\u00e8s r\u00e9sistant, durable, inodore et tr\u00e8s savoureux.<br \/>- S\u00fbr et propre<br \/>- Ne s'\u00e9caille pas et ne fait pas d'\u00e9chardes si votre chien m\u00e2che doucement.<span class=\"Apple-converted-space\">\u00a0<br \/><\/span>- Convient \u00e0 toutes les races de chiens<br \/>- Ne convient pas aux chiots ou aux m\u00e2cheurs destructeurs<br \/>- Les bois d'\u00e9b\u00e8ne sont pauvres en graisses et riches en min\u00e9raux et en fibres.<\/p>\n<table border=\"0\" width=\"1157\" cellspacing=\"0\" cellpadding=\"0\">\n<colgroup>\n<col width=\"88\" \/>\n<col width=\"148\" \/>\n<col width=\"141\" \/>\n<col width=\"167\" \/>\n<col width=\"132\" \/>\n<col width=\"101\" \/>\n<col width=\"171\" \/>\n<col width=\"209\" \/><\/colgroup>\n<tbody>\n<tr>\n<td class=\"xl66\" width=\"88\" height=\"68\">TAILLE\u00a0<\/td>\n<td class=\"xl66\" width=\"148\">POIDS<\/td>\n<td class=\"xl66\" width=\"141\">TAILLE DU CHIEN<\/td>\n<td class=\"xl66\" width=\"167\">INTENSIT\u00c9 DE MASTICATION DU CHIEN<\/td>\n<td class=\"xl66\" width=\"132\">DENSIT\u00c9 \/ TEXTURE DU PRODUIT<\/td>\n<td class=\"xl66\" width=\"101\">SAVEUR<\/td>\n<td class=\"xl66\" width=\"171\">RECOMMANDATION<\/td>\n<td class=\"xl66\" width=\"209\">LIFEESTAGE<\/td>\n<\/tr>\n<tr>\n<td class=\"xl69\" width=\"88\" height=\"68\">M<\/td>\n<td class=\"xl67\" width=\"148\">80 \u00e0 200g<br \/>2,8 \u00e0 7,1 oz<\/td>\n<td class=\"xl72\" width=\"141\">10Kg \u00e0 20Kg<br \/>22lbs \u00e0 44lbs<\/td>\n<td class=\"xl71\">CHEWER DOUX<\/td>\n<td class=\"xl71\">TRES DURE<\/td>\n<td class=\"xl71\">BOIS<\/td>\n<td class=\"xl68\" width=\"171\">NE CONVIENT PAS AUX CHIOTS<\/td>\n<td class=\"xl71\">CHIOT \/ ADULTE \/ SENIOR<\/td>\n<\/tr>\n<tr>\n<td class=\"xl70\" width=\"88\" height=\"45\">L<\/td>\n<td class=\"xl67\" width=\"148\">201 \u00e0 320g<br \/>7,1 \u00e0 11,3 oz<\/td>\n<td class=\"xl73\" width=\"141\">20Kg \u00e0 30Kg<br \/>44lbs \u00e0 66lbs<\/td>\n<td class=\"xl74\">CHEWER DOUX<\/td>\n<td class=\"xl74\">TRES DURE<\/td>\n<td class=\"xl74\">BOIS<\/td>\n<td class=\"xl75\" width=\"171\">NE CONVIENT PAS AUX CHIOTS<\/td>\n<td class=\"xl74\">CHIOT \/ ADULTE \/ SENIOR<\/td>\n<\/tr>\n<\/tbody>\n<\/table>","protected":false},"excerpt":{"rendered":"<p>Now here\u2019s a stick worthy of any canine collection!\u00a0 Chewable, chaseable, and easy to tuck into any favorite hiding spot (watch out couch cushions!), your dog will howl for these&#8230;<\/p>","protected":false},"featured_media":7365,"comment_status":"open","ping_status":"closed","template":"","meta":{"nf_dc_page":""},"product_brand":[],"product_cat":[32],"product_tag":[],"class_list":{"0":"post-7708","1":"product","2":"type-product","3":"status-publish","4":"has-post-thumbnail","6":"product_cat-dogchews","8":"first","9":"instock","10":"taxable","11":"shipping-taxable","12":"product-type-variable"},"_links":{"self":[{"href":"https:\/\/littleloyals.com\/fr\/wp-json\/wp\/v2\/product\/7708","targetHints":{"allow":["GET"]}}],"collection":[{"href":"https:\/\/littleloyals.com\/fr\/wp-json\/wp\/v2\/product"}],"about":[{"href":"https:\/\/littleloyals.com\/fr\/wp-json\/wp\/v2\/types\/product"}],"replies":[{"embeddable":true,"href":"https:\/\/littleloyals.com\/fr\/wp-json\/wp\/v2\/comments?post=7708"}],"wp:featuredmedia":[{"embeddable":true,"href":"https:\/\/littleloyals.com\/fr\/wp-json\/wp\/v2\/media\/7365"}],"wp:attachment":[{"href":"https:\/\/littleloyals.com\/fr\/wp-json\/wp\/v2\/media?parent=7708"}],"wp:term":[{"taxonomy":"product_brand","embeddable":true,"href":"https:\/\/littleloyals.com\/fr\/wp-json\/wp\/v2\/product_brand?post=7708"},{"taxonomy":"product_cat","embeddable":true,"href":"https:\/\/littleloyals.com\/fr\/wp-json\/wp\/v2\/product_cat?post=7708"},{"taxonomy":"product_tag","embeddable":true,"href":"https:\/\/littleloyals.com\/fr\/wp-json\/wp\/v2\/product_tag?post=7708"}],"curies":[{"name":"wp","href":"https:\/\/api.w.org\/{rel}","templated":true}]}}