{"id":7713,"date":"2023-12-03T23:35:57","date_gmt":"2023-12-03T23:35:57","guid":{"rendered":"https:\/\/littleloyals.com\/product\/cheese-bone-xs-3-sticks-22g-each-66g\/"},"modified":"2023-12-04T15:07:42","modified_gmt":"2023-12-04T15:07:42","slug":"cheese-bone-xs-3-sticks-22g-each-66g","status":"publish","type":"product","link":"https:\/\/littleloyals.com\/fr\/produit\/cheese-bone-xs-3-sticks-22g-each-66g\/","title":{"rendered":"Os \u00e0 fromage"},"content":{"rendered":"<p>Quelqu'un a dit \"fromage\" ? Oui, s'il vous pla\u00eet !<\/p>\n<p>Ces os de fromage enti\u00e8rement naturels et de tr\u00e8s longue dur\u00e9e de vie permettront \u00e0 votre woofer d'\u00e9mettre des woofs et de m\u00e2chouiller pendant des jours.<span class=\"Apple-converted-space\"><br \/>\n<\/span>Inodores pour les parents, mais d\u00e9licieusement parfum\u00e9s au fromage pour les museaux qui les reniflent, ces produits \u00e0 m\u00e2cher sont exempts d'agents de conservation ou d'ar\u00f4mes artificiels. Fabriqu\u00e9s \u00e0 partir d'une recette unique de l'Himalaya, ils sont pauvres en lactose (parfaits pour les estomacs sensibles !), mais pleins de calcium pour aider \u00e0 garder le pelage, les os et les muscles en bonne sant\u00e9.<\/p>\n<p>Oh, et avons-nous mentionn\u00e9 qu'elles sont aussi un excellent nettoyeur de dents naturel ? Leur texture dure aide \u00e0 lutter contre la plaque et le tartre pendant que votre Petit Loyal creuse.<br \/>\n- C'est un lait \u00e0 m\u00e2cher<br \/>\n- Barre de fromage digeste \u00e0 faible teneur en lactose et riche en prot\u00e9ines<br \/>\n- 100% naturel et sans conservateur artificiel<br \/>\n- Bas\u00e9 sur une ancienne recette de l'Himalaya<br \/>\n- Vieillissement d'au moins 3 mois et jusqu'\u00e0 7 mois<br \/>\n- Extra Though : des heures de mastication<br \/>\n- L'os comme produit de mastication dentaire<br \/>\n- G\u00e2terie\/m\u00e2cherie de longue dur\u00e9e<br \/>\n- L'innovation sur le march\u00e9<br \/>\n- Sans odeur<br \/>\n- Pas de d\u00e9sordre<br \/>\n- Les autres produits \u00e0 m\u00e2cher en cuir brut (raw hide) sont de plus en plus critiqu\u00e9s par les v\u00e9t\u00e9rinaires et commencent \u00e0 g\u00e9n\u00e9rer une image n\u00e9gative (pas de valeur nutritive, graisse, probl\u00e8me d'occlusion, etc.)<\/p>\n<table border=\"0\" width=\"1157\" cellspacing=\"0\" cellpadding=\"0\">\n<colgroup>\n<col width=\"88\" \/>\n<col width=\"148\" \/>\n<col width=\"141\" \/>\n<col width=\"167\" \/>\n<col width=\"132\" \/>\n<col width=\"101\" \/>\n<col width=\"171\" \/>\n<col width=\"209\" \/><\/colgroup>\n<tbody>\n<tr>\n<td class=\"xl66\" width=\"88\" height=\"68\">TAILLE<\/td>\n<td class=\"xl66\" width=\"148\">POIDS<\/td>\n<td class=\"xl66\" width=\"141\">TAILLE DU CHIEN<\/td>\n<td class=\"xl66\" width=\"167\">INTENSIT\u00c9 DE MASTICATION DU CHIEN<\/td>\n<td class=\"xl66\" width=\"132\">DENSIT\u00c9 \/ TEXTURE DU PRODUIT<\/td>\n<td class=\"xl66\" width=\"101\">SAVEUR<\/td>\n<td class=\"xl66\" width=\"171\">RECOMMANDATION<\/td>\n<td class=\"xl66\" width=\"209\">LIFEESTAGE<\/td>\n<\/tr>\n<tr>\n<td class=\"xl69\" width=\"88\" height=\"68\">XS<\/td>\n<td class=\"xl69\" width=\"148\">3 b\u00e2tonnets 66g<br \/>\n3 b\u00e2tons 2.3oz<\/td>\n<td class=\"xl69\" width=\"141\">Jusqu'\u00e0 5 kg<br \/>\nJusqu'\u00e0 11lbs<\/td>\n<td class=\"xl67\">CHEWER DOUX<\/td>\n<td class=\"xl67\">DOUX<\/td>\n<td class=\"xl67\">FROMAGE<\/td>\n<td class=\"xl68\" width=\"171\">CONVIENT AUX CHIOTS, AUX ADULTES ET AUX CHIENS \u00c2G\u00c9S<\/td>\n<td class=\"xl67\">CHIOT \/ ADULTE \/ SENIOR<\/td>\n<\/tr>\n<tr>\n<td class=\"xl69\" width=\"88\" height=\"68\">S<\/td>\n<td class=\"xl69\" width=\"148\">2 b\u00e2tonnets 82g<br \/>\n2 b\u00e2tons 2.9oz<\/td>\n<td class=\"xl69\" width=\"141\">5Kg \u00e0 10Kg<br \/>\n11lbs \u00e0 22lbs<\/td>\n<td class=\"xl67\">CHEWER DOUX<\/td>\n<td class=\"xl67\">DOUX<\/td>\n<td class=\"xl67\">FROMAGE<\/td>\n<td class=\"xl68\" width=\"171\">CONVIENT AUX CHIOTS, AUX ADULTES ET AUX CHIENS \u00c2G\u00c9S<\/td>\n<td class=\"xl67\">CHIOT \/ ADULTE \/ SENIOR<\/td>\n<\/tr>\n<tr>\n<td class=\"xl69\" width=\"88\" height=\"68\">M<\/td>\n<td class=\"xl70\" width=\"148\">80g<br \/>\n2.8oz<\/td>\n<td class=\"xl69\" width=\"141\">10Kg \u00e0 20Kg<br \/>\n22lbs \u00e0 44lbs<\/td>\n<td class=\"xl67\">CHEWER DOUX<\/td>\n<td class=\"xl67\">DOUX<\/td>\n<td class=\"xl67\">FROMAGE<\/td>\n<td class=\"xl68\" width=\"171\">CONVIENT AUX CHIOTS, AUX ADULTES ET AUX CHIENS \u00c2G\u00c9S<\/td>\n<td class=\"xl67\">CHIOT \/ ADULTE \/ SENIOR<\/td>\n<\/tr>\n<tr>\n<td class=\"xl69\" width=\"88\" height=\"68\">L<\/td>\n<td class=\"xl70\" width=\"148\">160g<br \/>\n5.6oz<\/td>\n<td class=\"xl69\" width=\"141\">20Kg \u00e0 30Kg<br \/>\n44lbs \u00e0 66lbs<\/td>\n<td class=\"xl67\">CHEWER DOUX<\/td>\n<td class=\"xl67\">DOUX<\/td>\n<td class=\"xl67\">FROMAGE<\/td>\n<td class=\"xl68\" width=\"171\">CONVIENT AUX CHIOTS, AUX ADULTES ET AUX CHIENS \u00c2G\u00c9S<\/td>\n<td class=\"xl67\">CHIOT \/ ADULTE \/ SENIOR<\/td>\n<\/tr>\n<tr>\n<td class=\"xl69\" width=\"88\" height=\"68\">XL<\/td>\n<td class=\"xl70\" width=\"148\">205g<br \/>\n7,2 oz<\/td>\n<td class=\"xl69\" width=\"141\">30Kg \u00e0 50Kg<br \/>\n66lbs \u00e0 110lbs<\/td>\n<td class=\"xl67\">CHEWER DOUX<\/td>\n<td class=\"xl67\">DOUX<\/td>\n<td class=\"xl67\">FROMAGE<\/td>\n<td class=\"xl68\" width=\"171\">CONVIENT AUX CHIOTS, AUX ADULTES ET AUX CHIENS \u00c2G\u00c9S<\/td>\n<td class=\"xl67\">CHIOT \/ ADULTE \/ SENIOR<\/td>\n<\/tr>\n<\/tbody>\n<\/table>","protected":false},"excerpt":{"rendered":"<p>Did someone say cheese? Yes, pawlease! These all natural, super long-lasting Cheese Bones will have your woofer woofing and chomp chomping away for days. Odorless to pet parents, but deliciously&#8230;<\/p>","protected":false},"featured_media":7357,"comment_status":"open","ping_status":"closed","template":"","meta":{"nf_dc_page":""},"product_brand":[],"product_cat":[32],"product_tag":[],"class_list":{"0":"post-7713","1":"product","2":"type-product","3":"status-publish","4":"has-post-thumbnail","6":"product_cat-dogchews","8":"first","9":"instock","10":"taxable","11":"shipping-taxable","12":"purchasable","13":"product-type-variable"},"_links":{"self":[{"href":"https:\/\/littleloyals.com\/fr\/wp-json\/wp\/v2\/product\/7713","targetHints":{"allow":["GET"]}}],"collection":[{"href":"https:\/\/littleloyals.com\/fr\/wp-json\/wp\/v2\/product"}],"about":[{"href":"https:\/\/littleloyals.com\/fr\/wp-json\/wp\/v2\/types\/product"}],"replies":[{"embeddable":true,"href":"https:\/\/littleloyals.com\/fr\/wp-json\/wp\/v2\/comments?post=7713"}],"wp:featuredmedia":[{"embeddable":true,"href":"https:\/\/littleloyals.com\/fr\/wp-json\/wp\/v2\/media\/7357"}],"wp:attachment":[{"href":"https:\/\/littleloyals.com\/fr\/wp-json\/wp\/v2\/media?parent=7713"}],"wp:term":[{"taxonomy":"product_brand","embeddable":true,"href":"https:\/\/littleloyals.com\/fr\/wp-json\/wp\/v2\/product_brand?post=7713"},{"taxonomy":"product_cat","embeddable":true,"href":"https:\/\/littleloyals.com\/fr\/wp-json\/wp\/v2\/product_cat?post=7713"},{"taxonomy":"product_tag","embeddable":true,"href":"https:\/\/littleloyals.com\/fr\/wp-json\/wp\/v2\/product_tag?post=7713"}],"curies":[{"name":"wp","href":"https:\/\/api.w.org\/{rel}","templated":true}]}}