{"id":7718,"date":"2023-12-03T23:35:59","date_gmt":"2023-12-03T23:35:59","guid":{"rendered":"https:\/\/littleloyals.com\/product\/beef-liver-filet-200g\/"},"modified":"2023-12-04T16:27:27","modified_gmt":"2023-12-04T16:27:27","slug":"beef-liver-filet-200g","status":"publish","type":"product","link":"https:\/\/littleloyals.com\/fr\/produit\/beef-liver-filet-200g\/","title":{"rendered":"Filet de foie de b\u0153uf - 200g"},"content":{"rendered":"<p>Votre compagnon \u00e0 quatre pattes va adorer ces d\u00e9licieuses friandises \u00e0 base de viande. Tranch\u00e9s finement pour les rendre parfaitement croustillants, ces savoureux filets sont compos\u00e9s d'un ingr\u00e9dient de premi\u00e8re qualit\u00e9 : le foie de b\u0153uf 100%. Ces friandises enti\u00e8rement naturelles ne contiennent ni conservateurs ni ar\u00f4mes artificiels et regorgent de nutriments sains pour votre chien. Et comme ils ne contiennent ni c\u00e9r\u00e9ales ni gluten, ils sont parfaits pour les estomacs sensibles ! Offrez-les \u00e0 votre petit Loyal comme ultime r\u00e9compense de dressage, comme en-cas entre deux repas ou simplement parce qu'il le m\u00e9rite ! - Friandises naturelles pour chiots, adultes et chiens \u00e2g\u00e9s (4 mois et +) - 100% de foie de b\u0153uf - Sans agents de remplissage, conservateurs, ar\u00f4mes artificiels ou OGM - Sans c\u00e9r\u00e9ales ni gluten - Riche en prot\u00e9ines, vitamines et nutriments - Faible teneur en mati\u00e8res grasses - Maintient la peau et le pelage en bonne sant\u00e9 et brillant - Parfait pour le dressage et les friandises<\/p>","protected":false},"excerpt":{"rendered":"<p>Your four-legged pal will love munching down on these deliciously meaty treats. Sliced nice and thin to make them perfectly crunchy, these tasty filets are made with one top-quality ingredient:&#8230;<\/p>","protected":false},"featured_media":7480,"comment_status":"open","ping_status":"closed","template":"","meta":{"nf_dc_page":""},"product_brand":[],"product_cat":[34],"product_tag":[],"class_list":{"0":"post-7718","1":"product","2":"type-product","3":"status-publish","4":"has-post-thumbnail","6":"product_cat-treats","8":"first","9":"instock","10":"taxable","11":"shipping-taxable","12":"purchasable","13":"product-type-simple"},"_links":{"self":[{"href":"https:\/\/littleloyals.com\/fr\/wp-json\/wp\/v2\/product\/7718","targetHints":{"allow":["GET"]}}],"collection":[{"href":"https:\/\/littleloyals.com\/fr\/wp-json\/wp\/v2\/product"}],"about":[{"href":"https:\/\/littleloyals.com\/fr\/wp-json\/wp\/v2\/types\/product"}],"replies":[{"embeddable":true,"href":"https:\/\/littleloyals.com\/fr\/wp-json\/wp\/v2\/comments?post=7718"}],"wp:featuredmedia":[{"embeddable":true,"href":"https:\/\/littleloyals.com\/fr\/wp-json\/wp\/v2\/media\/7480"}],"wp:attachment":[{"href":"https:\/\/littleloyals.com\/fr\/wp-json\/wp\/v2\/media?parent=7718"}],"wp:term":[{"taxonomy":"product_brand","embeddable":true,"href":"https:\/\/littleloyals.com\/fr\/wp-json\/wp\/v2\/product_brand?post=7718"},{"taxonomy":"product_cat","embeddable":true,"href":"https:\/\/littleloyals.com\/fr\/wp-json\/wp\/v2\/product_cat?post=7718"},{"taxonomy":"product_tag","embeddable":true,"href":"https:\/\/littleloyals.com\/fr\/wp-json\/wp\/v2\/product_tag?post=7718"}],"curies":[{"name":"wp","href":"https:\/\/api.w.org\/{rel}","templated":true}]}}