{"id":7720,"date":"2023-12-03T23:35:59","date_gmt":"2023-12-03T23:35:59","guid":{"rendered":"https:\/\/littleloyals.com\/product\/beef-lung-wafers-100g\/"},"modified":"2023-12-03T23:35:59","modified_gmt":"2023-12-03T23:35:59","slug":"beef-lung-wafers-100g","status":"publish","type":"product","link":"https:\/\/littleloyals.com\/fr\/produit\/beef-lung-wafers-100g\/","title":{"rendered":"Gaufrettes au poumon de boeuf - 100g"},"content":{"rendered":"<p>Fabriqu\u00e9es \u00e0 partir de 100% de poumon de b\u0153uf, elles regorgent de nutriments naturels qui aideront votre chien \u00e0 rester en bonne sant\u00e9 et \u00e0 s'agiter. Id\u00e9ales pour les petits Loyaux de tous \u00e2ges et de toutes tailles, leurs bouch\u00e9es douces et croustillantes sont particuli\u00e8rement appr\u00e9ci\u00e9es des chiots et des chiens \u00e2g\u00e9s. Sans c\u00e9r\u00e9ales ni gluten, ils sont \u00e9galement doux pour l'estomac et peuvent \u00eatre facilement divis\u00e9s en portions de la taille de votre choix, ce qui en fait la r\u00e9compense id\u00e9ale pour le dressage, un en-cas entre deux repas ou tout simplement parce qu'ils m\u00e9ritent d'\u00eatre g\u00e2t\u00e9s ! - Friandises naturelles pour chiots, adultes et chiens \u00e2g\u00e9s (4 mois et plus) - 100% poumon de b\u0153uf - Sans agents de remplissage, conservateurs, ar\u00f4mes artificiels ou OGM - Sans gluten et parfaites pour les estomacs sensibles - Riches en prot\u00e9ines, vitamines et nutriments - Faibles en mati\u00e8res grasses - Parfaites pour le dressage et le traitement des chiens.<\/p>","protected":false},"excerpt":{"rendered":"<p>Don\u2019t let these delightfully wafer-thin treats deceive you, they pack a serious protein punch! Made with 100% beef lung, they boast loads of natural nutrients that will help keep your&#8230;<\/p>","protected":false},"featured_media":7455,"comment_status":"open","ping_status":"closed","template":"","meta":{"nf_dc_page":""},"product_brand":[],"product_cat":[34],"product_tag":[],"class_list":{"0":"post-7720","1":"product","2":"type-product","3":"status-publish","4":"has-post-thumbnail","6":"product_cat-treats","8":"first","9":"instock","10":"taxable","11":"shipping-taxable","12":"purchasable","13":"product-type-simple"},"_links":{"self":[{"href":"https:\/\/littleloyals.com\/fr\/wp-json\/wp\/v2\/product\/7720","targetHints":{"allow":["GET"]}}],"collection":[{"href":"https:\/\/littleloyals.com\/fr\/wp-json\/wp\/v2\/product"}],"about":[{"href":"https:\/\/littleloyals.com\/fr\/wp-json\/wp\/v2\/types\/product"}],"replies":[{"embeddable":true,"href":"https:\/\/littleloyals.com\/fr\/wp-json\/wp\/v2\/comments?post=7720"}],"wp:featuredmedia":[{"embeddable":true,"href":"https:\/\/littleloyals.com\/fr\/wp-json\/wp\/v2\/media\/7455"}],"wp:attachment":[{"href":"https:\/\/littleloyals.com\/fr\/wp-json\/wp\/v2\/media?parent=7720"}],"wp:term":[{"taxonomy":"product_brand","embeddable":true,"href":"https:\/\/littleloyals.com\/fr\/wp-json\/wp\/v2\/product_brand?post=7720"},{"taxonomy":"product_cat","embeddable":true,"href":"https:\/\/littleloyals.com\/fr\/wp-json\/wp\/v2\/product_cat?post=7720"},{"taxonomy":"product_tag","embeddable":true,"href":"https:\/\/littleloyals.com\/fr\/wp-json\/wp\/v2\/product_tag?post=7720"}],"curies":[{"name":"wp","href":"https:\/\/api.w.org\/{rel}","templated":true}]}}