{"id":7722,"date":"2023-12-03T23:36:00","date_gmt":"2023-12-03T23:36:00","guid":{"rendered":"https:\/\/littleloyals.com\/product\/chicken-feet-250g\/"},"modified":"2023-12-04T16:18:30","modified_gmt":"2023-12-04T16:18:30","slug":"chicken-feet-250g","status":"publish","type":"product","link":"https:\/\/littleloyals.com\/fr\/produit\/chicken-feet-250g\/","title":{"rendered":"Pieds de poulet - 250g"},"content":{"rendered":"<p>D\u00e9licatesse savoureuse pour nos amis \u00e0 quatre pattes, ces pattes de poulet satisferont m\u00eame les palais les plus exigeants. D\u00e9licatement s\u00e9ch\u00e9s, ils sont irr\u00e9sistiblement croustillants et regorgent de bienfaits pour la sant\u00e9, notamment de prot\u00e9ines et d'acides gras pr\u00e9cieux qui aident \u00e0 pr\u00e9server la beaut\u00e9 de la peau et du pelage. Et comme nous ne servons que les bonnes choses, aucun conservateur ou ar\u00f4me artificiel n'a \u00e9t\u00e9 ajout\u00e9. Oh, et avons-nous mentionn\u00e9 qu'elles peuvent \u00eatre un excellent nettoyeur de dents naturel ? Leur texture dure aide \u00e0 lutter contre la plaque dentaire et le tartre pendant que votre Petit Loyal creuse. Un en-cas d\u00e9licieux pour les petits et les grands chiens, que vous adorerez donner \u00e0 votre compagnon \u00e0 quatre pattes, tout comme il adorera les d\u00e9vorer. - Friandises naturelles pour chiens adultes et seniors (2 ans et +) - 100% de pattes de poulet - Sans agents de remplissage, conservateurs, ar\u00f4mes artificiels ou OGM - Sans gluten et parfait pour les estomacs sensibles - Riche en prot\u00e9ines, vitamines et nutriments - R\u00e9duit l'inflammation et soulage les douleurs articulaires - Aide \u00e0 nettoyer les dents<\/p>","protected":false},"excerpt":{"rendered":"<p>A tasty delicacy for our four-legged friends, these Chicken Feet will satisfy even the most discerning pooch palates. Gently dried, they offer an irresistible crispy chew and are brimming with&#8230;<\/p>","protected":false},"featured_media":7466,"comment_status":"open","ping_status":"closed","template":"","meta":{"nf_dc_page":""},"product_brand":[],"product_cat":[34],"product_tag":[],"class_list":{"0":"post-7722","1":"product","2":"type-product","3":"status-publish","4":"has-post-thumbnail","6":"product_cat-treats","8":"first","9":"instock","10":"taxable","11":"shipping-taxable","12":"purchasable","13":"product-type-simple"},"_links":{"self":[{"href":"https:\/\/littleloyals.com\/fr\/wp-json\/wp\/v2\/product\/7722","targetHints":{"allow":["GET"]}}],"collection":[{"href":"https:\/\/littleloyals.com\/fr\/wp-json\/wp\/v2\/product"}],"about":[{"href":"https:\/\/littleloyals.com\/fr\/wp-json\/wp\/v2\/types\/product"}],"replies":[{"embeddable":true,"href":"https:\/\/littleloyals.com\/fr\/wp-json\/wp\/v2\/comments?post=7722"}],"wp:featuredmedia":[{"embeddable":true,"href":"https:\/\/littleloyals.com\/fr\/wp-json\/wp\/v2\/media\/7466"}],"wp:attachment":[{"href":"https:\/\/littleloyals.com\/fr\/wp-json\/wp\/v2\/media?parent=7722"}],"wp:term":[{"taxonomy":"product_brand","embeddable":true,"href":"https:\/\/littleloyals.com\/fr\/wp-json\/wp\/v2\/product_brand?post=7722"},{"taxonomy":"product_cat","embeddable":true,"href":"https:\/\/littleloyals.com\/fr\/wp-json\/wp\/v2\/product_cat?post=7722"},{"taxonomy":"product_tag","embeddable":true,"href":"https:\/\/littleloyals.com\/fr\/wp-json\/wp\/v2\/product_tag?post=7722"}],"curies":[{"name":"wp","href":"https:\/\/api.w.org\/{rel}","templated":true}]}}