{"id":7724,"date":"2023-12-03T23:36:01","date_gmt":"2023-12-03T23:36:01","guid":{"rendered":"https:\/\/littleloyals.com\/product\/chicken-breasts-300g\/"},"modified":"2023-12-03T23:36:01","modified_gmt":"2023-12-03T23:36:01","slug":"chicken-breasts-300g","status":"publish","type":"product","link":"https:\/\/littleloyals.com\/fr\/produit\/chicken-breasts-300g\/","title":{"rendered":"Poitrines de poulet - 300g"},"content":{"rendered":"<p>Votre compagnon \u00e0 quatre pattes adorera croquer dans ces d\u00e9licieuses friandises \u00e0 base de viande. Tranch\u00e9es finement, puis cuites lentement pour leur donner une bouch\u00e9e parfaite, ces savoureuses saucisses s\u00e9ch\u00e9es sont fabriqu\u00e9es \u00e0 partir d'un ingr\u00e9dient de premi\u00e8re qualit\u00e9 : 100% poitrine de poulet. Ces d\u00e9lices enti\u00e8rement naturels regorgent de nutriments nourrissants et d'un go\u00fbt d\u00e9licieux, et nous n'ajoutons absolument aucun agent de conservation ni ar\u00f4me artificiel. Elles peuvent \u00eatre facilement divis\u00e9es en portions de la taille de votre choix, ce qui en fait une r\u00e9compense parfaite pour le dressage, un en-cas entre deux repas ou simplement parce qu'ils le m\u00e9ritent !\t\t- Friandises naturelles pour chiens adultes et seniors (2 ans et +) - 100% de blanc de poulet - Sans agents de remplissage, conservateurs, ar\u00f4mes artificiels ou OGM - Sans gluten et parfaites pour les estomacs sensibles - Riches en prot\u00e9ines, vitamines et nutriments - R\u00e9duisent l'inflammation et soulagent les douleurs articulaires - Aident \u00e0 nettoyer les dents - Parfaites pour le dressage et les friandises<\/p>","protected":false},"excerpt":{"rendered":"<p>Your four-legged pal will love crunching down on these deliciously meaty treats. Sliced thin, then slowly baked giving them that perfect bite, this tasty jerky is made with one top-quality&#8230;<\/p>","protected":false},"featured_media":7460,"comment_status":"open","ping_status":"closed","template":"","meta":{"nf_dc_page":""},"product_brand":[],"product_cat":[34],"product_tag":[],"class_list":{"0":"post-7724","1":"product","2":"type-product","3":"status-publish","4":"has-post-thumbnail","6":"product_cat-treats","8":"first","9":"instock","10":"taxable","11":"shipping-taxable","12":"purchasable","13":"product-type-simple"},"_links":{"self":[{"href":"https:\/\/littleloyals.com\/fr\/wp-json\/wp\/v2\/product\/7724","targetHints":{"allow":["GET"]}}],"collection":[{"href":"https:\/\/littleloyals.com\/fr\/wp-json\/wp\/v2\/product"}],"about":[{"href":"https:\/\/littleloyals.com\/fr\/wp-json\/wp\/v2\/types\/product"}],"replies":[{"embeddable":true,"href":"https:\/\/littleloyals.com\/fr\/wp-json\/wp\/v2\/comments?post=7724"}],"wp:featuredmedia":[{"embeddable":true,"href":"https:\/\/littleloyals.com\/fr\/wp-json\/wp\/v2\/media\/7460"}],"wp:attachment":[{"href":"https:\/\/littleloyals.com\/fr\/wp-json\/wp\/v2\/media?parent=7724"}],"wp:term":[{"taxonomy":"product_brand","embeddable":true,"href":"https:\/\/littleloyals.com\/fr\/wp-json\/wp\/v2\/product_brand?post=7724"},{"taxonomy":"product_cat","embeddable":true,"href":"https:\/\/littleloyals.com\/fr\/wp-json\/wp\/v2\/product_cat?post=7724"},{"taxonomy":"product_tag","embeddable":true,"href":"https:\/\/littleloyals.com\/fr\/wp-json\/wp\/v2\/product_tag?post=7724"}],"curies":[{"name":"wp","href":"https:\/\/api.w.org\/{rel}","templated":true}]}}