{"id":7726,"date":"2023-12-03T23:36:01","date_gmt":"2023-12-03T23:36:01","guid":{"rendered":"https:\/\/littleloyals.com\/product\/duck-feet-200g\/"},"modified":"2023-12-04T16:21:13","modified_gmt":"2023-12-04T16:21:13","slug":"duck-feet-200g","status":"publish","type":"product","link":"https:\/\/littleloyals.com\/fr\/produit\/duck-feet-200g\/","title":{"rendered":"Pieds de canard - 200g"},"content":{"rendered":"<div class=\"elementor-element elementor-element-115009a1 elementor-widget elementor-widget-heading\" data-id=\"115009a1\" data-element_type=\"widget\" data-widget_type=\"heading.default\">\n<div class=\"elementor-widget-container\"><\/div>\n<\/div>\n<div class=\"elementor-element elementor-element-46037be6 elementor-widget elementor-widget-heading\" data-id=\"46037be6\" data-element_type=\"widget\" data-widget_type=\"heading.default\">\n<div class=\"elementor-widget-container\">\n<h3 class=\"elementor-heading-title elementor-size-default\">Treats 'aka. Scromf scromfs<\/h3>\n<\/div>\n<\/div>\n<div class=\"elementor-element elementor-element-5634587 elementor-widget elementor-widget-text-editor\" data-id=\"5634587\" data-element_type=\"widget\" data-widget_type=\"text-editor.default\">\n<div class=\"elementor-widget-container\">\" Nous pensons que des ingr\u00e9dients de qualit\u00e9 parlent d'eux-m\u00eames, c'est pourquoi nos friandises sont simples : uniquement de la viande et des l\u00e9gumes qui se vantent d'\u00eatre pleins de bienfaits naturels. Nous n'ajoutons jamais de sucre ou d'ar\u00f4me artificiel, car elles sont dignes de saliver telles qu'elles sont.Cela les rend parfaites pour toutes les occasions - entra\u00eenement, go\u00fbter ou simplement parce qu'elles le m\u00e9ritent.Ainsi, lorsque votre petit Loyal fait ces irr\u00e9sistibles yeux de chiot ou a besoin d'un peu plus de conviction pour sortir faire une promenade sous la pluie, vous ne vous sentirez pas coupable de lui donner une friandise de plus...ok, peut-\u00eatre deux !\"<\/div>\n<\/div>\n<div class=\"elementor-element elementor-element-293d05dd elementor-widget elementor-widget-heading\" data-id=\"293d05dd\" data-element_type=\"widget\" data-widget_type=\"heading.default\">\n<div class=\"elementor-widget-container\"><\/div>\n<\/div>\n<div class=\"elementor-element elementor-element-4980c1ec elementor-widget elementor-widget-text-editor\" data-id=\"4980c1ec\" data-element_type=\"widget\" data-widget_type=\"text-editor.default\">\n<div class=\"elementor-widget-container\"><\/div>\n<\/div>","protected":false},"excerpt":{"rendered":"<p>Treats \u2018aka. Scromf scromfs\u2019 \u201d We believe quality ingredients speak for themselves, so our treats are made simple: only meat and veg that boast loads of natural goodness. We never&#8230;<\/p>","protected":false},"featured_media":7477,"comment_status":"open","ping_status":"closed","template":"","meta":{"nf_dc_page":""},"product_brand":[],"product_cat":[34],"product_tag":[],"class_list":{"0":"post-7726","1":"product","2":"type-product","3":"status-publish","4":"has-post-thumbnail","6":"product_cat-treats","8":"first","9":"instock","10":"taxable","11":"shipping-taxable","12":"purchasable","13":"product-type-simple"},"_links":{"self":[{"href":"https:\/\/littleloyals.com\/fr\/wp-json\/wp\/v2\/product\/7726","targetHints":{"allow":["GET"]}}],"collection":[{"href":"https:\/\/littleloyals.com\/fr\/wp-json\/wp\/v2\/product"}],"about":[{"href":"https:\/\/littleloyals.com\/fr\/wp-json\/wp\/v2\/types\/product"}],"replies":[{"embeddable":true,"href":"https:\/\/littleloyals.com\/fr\/wp-json\/wp\/v2\/comments?post=7726"}],"wp:featuredmedia":[{"embeddable":true,"href":"https:\/\/littleloyals.com\/fr\/wp-json\/wp\/v2\/media\/7477"}],"wp:attachment":[{"href":"https:\/\/littleloyals.com\/fr\/wp-json\/wp\/v2\/media?parent=7726"}],"wp:term":[{"taxonomy":"product_brand","embeddable":true,"href":"https:\/\/littleloyals.com\/fr\/wp-json\/wp\/v2\/product_brand?post=7726"},{"taxonomy":"product_cat","embeddable":true,"href":"https:\/\/littleloyals.com\/fr\/wp-json\/wp\/v2\/product_cat?post=7726"},{"taxonomy":"product_tag","embeddable":true,"href":"https:\/\/littleloyals.com\/fr\/wp-json\/wp\/v2\/product_tag?post=7726"}],"curies":[{"name":"wp","href":"https:\/\/api.w.org\/{rel}","templated":true}]}}