{"id":7728,"date":"2023-12-03T23:36:02","date_gmt":"2023-12-03T23:36:02","guid":{"rendered":"https:\/\/littleloyals.com\/product\/duck-necks-200g\/"},"modified":"2023-12-03T23:36:02","modified_gmt":"2023-12-03T23:36:02","slug":"duck-necks-200g","status":"publish","type":"product","link":"https:\/\/littleloyals.com\/fr\/produit\/duck-necks-200g\/","title":{"rendered":"Cou de canard - 200g"},"content":{"rendered":"<p>D\u00e9licatement s\u00e9ch\u00e9s, ils sont irr\u00e9sistiblement croustillants et regorgent de nutriments, tels que le potassium, qui favorise le m\u00e9tabolisme et la sant\u00e9 cardiaque. Et comme nous ne servons que de bonnes choses, aucun conservateur ou ar\u00f4me artificiel n'a \u00e9t\u00e9 ajout\u00e9. Oh, et avons-nous mentionn\u00e9 qu'elles peuvent \u00eatre un excellent nettoyeur de dents naturel ? Leur texture dure aide \u00e0 lutter contre la plaque dentaire et le tartre pendant que votre petit Loyal creuse. C'est un en-cas copieux et succulent, id\u00e9al pour les chiens de grande taille qui aiment les d\u00e9fis \u00e0 m\u00e2cher ! Vous aimerez les donner \u00e0 votre ami \u00e0 fourrure autant qu'il aimera les m\u00e2cher.\t<\/p>\n<div>- Le cou des canards est \u00e9galement un excellent objet \u00e0 m\u00e2cher, pour divertir votre chien.<\/div>\n<div>- Le cou de canard am\u00e9liore son hygi\u00e8ne dentaire<\/div>\n<div>- Le cou de canard est digeste<\/div>\n<div>- Le cou de canard contient une grande quantit\u00e9 de vitamines B et de min\u00e9raux, tels que le phosphore, le potassium, le zinc et le s\u00e9l\u00e9nium.<\/div>\n<div>- Les vitamines B sont particuli\u00e8rement importantes pour favoriser le m\u00e9tabolisme et soutenir la sant\u00e9 cardiaque.<\/div>","protected":false},"excerpt":{"rendered":"<p>A tasty delicacy for our four-legged friends, these Duck Necks will satisfy even the most discerning pooch palates. Gently dried, they offer an irresistible crispy chew and are brimming with&#8230;<\/p>","protected":false},"featured_media":7468,"comment_status":"open","ping_status":"closed","template":"","meta":{"nf_dc_page":""},"product_brand":[],"product_cat":[34],"product_tag":[],"class_list":{"0":"post-7728","1":"product","2":"type-product","3":"status-publish","4":"has-post-thumbnail","6":"product_cat-treats","8":"first","9":"instock","10":"taxable","11":"shipping-taxable","12":"purchasable","13":"product-type-simple"},"_links":{"self":[{"href":"https:\/\/littleloyals.com\/fr\/wp-json\/wp\/v2\/product\/7728","targetHints":{"allow":["GET"]}}],"collection":[{"href":"https:\/\/littleloyals.com\/fr\/wp-json\/wp\/v2\/product"}],"about":[{"href":"https:\/\/littleloyals.com\/fr\/wp-json\/wp\/v2\/types\/product"}],"replies":[{"embeddable":true,"href":"https:\/\/littleloyals.com\/fr\/wp-json\/wp\/v2\/comments?post=7728"}],"wp:featuredmedia":[{"embeddable":true,"href":"https:\/\/littleloyals.com\/fr\/wp-json\/wp\/v2\/media\/7468"}],"wp:attachment":[{"href":"https:\/\/littleloyals.com\/fr\/wp-json\/wp\/v2\/media?parent=7728"}],"wp:term":[{"taxonomy":"product_brand","embeddable":true,"href":"https:\/\/littleloyals.com\/fr\/wp-json\/wp\/v2\/product_brand?post=7728"},{"taxonomy":"product_cat","embeddable":true,"href":"https:\/\/littleloyals.com\/fr\/wp-json\/wp\/v2\/product_cat?post=7728"},{"taxonomy":"product_tag","embeddable":true,"href":"https:\/\/littleloyals.com\/fr\/wp-json\/wp\/v2\/product_tag?post=7728"}],"curies":[{"name":"wp","href":"https:\/\/api.w.org\/{rel}","templated":true}]}}