{"id":7730,"date":"2023-12-03T23:36:03","date_gmt":"2023-12-03T23:36:03","guid":{"rendered":"https:\/\/littleloyals.com\/product\/freezed-dried-liver-200g\/"},"modified":"2023-12-03T23:36:03","modified_gmt":"2023-12-03T23:36:03","slug":"freezed-dried-liver-200g","status":"publish","type":"product","link":"https:\/\/littleloyals.com\/fr\/produit\/freezed-dried-liver-200g\/","title":{"rendered":"Foie s\u00e9ch\u00e9 congel\u00e9 - 200g"},"content":{"rendered":"<p>Ces r\u00e9compenses carn\u00e9es pour chiens sont tout simplement d\u00e9licieuses. Fabriqu\u00e9es \u00e0 partir de foie de b\u0153uf enti\u00e8rement naturel, elles sont lyophilis\u00e9es \u00e0 partir d'aliments crus pour conserver un ar\u00f4me, une texture et une fra\u00eecheur all\u00e9chants qui s\u00e9duiront m\u00eame les chiens les plus difficiles. Pauvres en mati\u00e8res grasses, riches en prot\u00e9ines et en vitamines et min\u00e9raux nutritifs, ces petites bouch\u00e9es apaiseront et satisferont \u00e0 la fois les papilles et les estomacs !\t<\/p>\n<div>- Le foie de b\u0153uf est une bonne source de vitamine A, de fer, de cuivre, de phosphore et de zinc, ainsi que de vitamines B et d'acides gras essentiels.<\/div>\n<div>- Le processus de lyophilisation permet de conserver l'ar\u00f4me s\u00e9duisant, la saveur d\u00e9lectable et la valeur nutritionnelle du foie cru.<\/div>\n<div>- Id\u00e9al pour les chiens ayant des probl\u00e8mes de sant\u00e9 ou les animaux en surpoids, diab\u00e9tiques, souffrant d'allergies, de troubles gastro-intestinaux ou suivant un r\u00e9gime alimentaire restreint.<\/div>","protected":false},"excerpt":{"rendered":"<p>Serving up a soft and scrumptious bite, these meaty rewards for dogs are a simply delicious treat. Made with all natural beef liver, they\u2019re freeze-dried from raw to lock in&#8230;<\/p>","protected":false},"featured_media":7480,"comment_status":"open","ping_status":"closed","template":"","meta":{"nf_dc_page":""},"product_brand":[],"product_cat":[34],"product_tag":[],"class_list":{"0":"post-7730","1":"product","2":"type-product","3":"status-publish","4":"has-post-thumbnail","6":"product_cat-treats","8":"first","9":"instock","10":"taxable","11":"shipping-taxable","12":"purchasable","13":"product-type-simple"},"_links":{"self":[{"href":"https:\/\/littleloyals.com\/fr\/wp-json\/wp\/v2\/product\/7730","targetHints":{"allow":["GET"]}}],"collection":[{"href":"https:\/\/littleloyals.com\/fr\/wp-json\/wp\/v2\/product"}],"about":[{"href":"https:\/\/littleloyals.com\/fr\/wp-json\/wp\/v2\/types\/product"}],"replies":[{"embeddable":true,"href":"https:\/\/littleloyals.com\/fr\/wp-json\/wp\/v2\/comments?post=7730"}],"wp:featuredmedia":[{"embeddable":true,"href":"https:\/\/littleloyals.com\/fr\/wp-json\/wp\/v2\/media\/7480"}],"wp:attachment":[{"href":"https:\/\/littleloyals.com\/fr\/wp-json\/wp\/v2\/media?parent=7730"}],"wp:term":[{"taxonomy":"product_brand","embeddable":true,"href":"https:\/\/littleloyals.com\/fr\/wp-json\/wp\/v2\/product_brand?post=7730"},{"taxonomy":"product_cat","embeddable":true,"href":"https:\/\/littleloyals.com\/fr\/wp-json\/wp\/v2\/product_cat?post=7730"},{"taxonomy":"product_tag","embeddable":true,"href":"https:\/\/littleloyals.com\/fr\/wp-json\/wp\/v2\/product_tag?post=7730"}],"curies":[{"name":"wp","href":"https:\/\/api.w.org\/{rel}","templated":true}]}}