{"id":7734,"date":"2023-12-03T23:36:04","date_gmt":"2023-12-03T23:36:04","guid":{"rendered":"https:\/\/littleloyals.com\/product\/soft-and-chewy-training-treats-600g\/"},"modified":"2023-12-03T23:36:04","modified_gmt":"2023-12-03T23:36:04","slug":"soft-and-chewy-training-treats-600g","status":"publish","type":"product","link":"https:\/\/littleloyals.com\/fr\/produit\/soft-and-chewy-training-treats-600g\/","title":{"rendered":"Friandises d'entra\u00eenement douces et faciles \u00e0 m\u00e2cher - 600g"},"content":{"rendered":"<p>Chaque friandise savoureuse est lentement cuite pour lui donner une texture irr\u00e9sistible et moelleuse, et est remplie de poulet de premi\u00e8re qualit\u00e9 et de d\u00e9licieux fruits et l\u00e9gumes, notamment de la pomme, de la canneberge et de la citrouille. Elles ne contiennent aucun agent de remplissage, ar\u00f4me artificiel ou conservateur et sont naturellement riches en nutriments sains. Offrez-les \u00e0 votre petit Loyal en guise de r\u00e9compense pour son entra\u00eenement, d'en-cas entre deux repas ou simplement parce qu'il m\u00e9rite une g\u00e2terie !\t\tL'avoine apporte des bienfaits suppl\u00e9mentaires pour la sant\u00e9 tels que le mangan\u00e8se, le molybd\u00e8ne, le phosphore, le cuivre, la biotine, la vitamine B1, le magn\u00e9sium, les fibres, le zinc, les prot\u00e9ines et bien plus encore. Ingr\u00e9dients : Poulet et canneberges Farine de sarrasin fonc\u00e9e Glyc\u00e9rine Poulet (p\u00e2te\/liquide) M\u00e9lasse noire Levure de bi\u00e8re Fibre de pomme Canneberges Pur\u00e9e de citrouille Huile v\u00e9g\u00e9tale Tordre Pr\u00e9vion Romarin pwd Acide citrique<\/p>","protected":false},"excerpt":{"rendered":"<p>This mouthwatering, nutrient packed nibble will have your dog spinning in circles! Each tasty treat is slowly baked to give it an irresistible chewy, soft texture and is packed with&#8230;<\/p>","protected":false},"featured_media":7513,"comment_status":"open","ping_status":"closed","template":"","meta":{"nf_dc_page":""},"product_brand":[],"product_cat":[34],"product_tag":[],"class_list":{"0":"post-7734","1":"product","2":"type-product","3":"status-publish","4":"has-post-thumbnail","6":"product_cat-treats","8":"first","9":"instock","10":"taxable","11":"shipping-taxable","12":"purchasable","13":"product-type-simple"},"_links":{"self":[{"href":"https:\/\/littleloyals.com\/fr\/wp-json\/wp\/v2\/product\/7734","targetHints":{"allow":["GET"]}}],"collection":[{"href":"https:\/\/littleloyals.com\/fr\/wp-json\/wp\/v2\/product"}],"about":[{"href":"https:\/\/littleloyals.com\/fr\/wp-json\/wp\/v2\/types\/product"}],"replies":[{"embeddable":true,"href":"https:\/\/littleloyals.com\/fr\/wp-json\/wp\/v2\/comments?post=7734"}],"wp:featuredmedia":[{"embeddable":true,"href":"https:\/\/littleloyals.com\/fr\/wp-json\/wp\/v2\/media\/7513"}],"wp:attachment":[{"href":"https:\/\/littleloyals.com\/fr\/wp-json\/wp\/v2\/media?parent=7734"}],"wp:term":[{"taxonomy":"product_brand","embeddable":true,"href":"https:\/\/littleloyals.com\/fr\/wp-json\/wp\/v2\/product_brand?post=7734"},{"taxonomy":"product_cat","embeddable":true,"href":"https:\/\/littleloyals.com\/fr\/wp-json\/wp\/v2\/product_cat?post=7734"},{"taxonomy":"product_tag","embeddable":true,"href":"https:\/\/littleloyals.com\/fr\/wp-json\/wp\/v2\/product_tag?post=7734"}],"curies":[{"name":"wp","href":"https:\/\/api.w.org\/{rel}","templated":true}]}}