{"id":7737,"date":"2023-12-03T23:36:05","date_gmt":"2023-12-03T23:36:05","guid":{"rendered":"https:\/\/littleloyals.com\/product\/apple-cinnamon-sticks-250g\/"},"modified":"2023-12-04T16:15:45","modified_gmt":"2023-12-04T16:15:45","slug":"apple-cinnamon-sticks-250g","status":"publish","type":"product","link":"https:\/\/littleloyals.com\/fr\/produit\/apple-cinnamon-sticks-250g\/","title":{"rendered":"B\u00e2tons de pomme-cannelle - 250g"},"content":{"rendered":"<p>Des b\u00e2tonnets pour chiens super savoureux et tr\u00e8s sains ! Cette recette 100% \u00e0 base de plantes est compos\u00e9e de patates douces et de pommes vibrantes, ainsi que d'une pinc\u00e9e de cannelle pour rendre ces b\u00e2tonnets encore plus attrayants pour nos petits Loyaux. Sans aucun agent de remplissage, ar\u00f4me artificiel ou agent de conservation ajout\u00e9, elles sont naturellement charg\u00e9es de fibres (excellentes pour la digestion des chiens), de min\u00e9raux et d'antioxydants qui aideront \u00e0 garder le membre de votre famille \u00e0 quatre pattes en bonne sant\u00e9 et en pleine forme. Oh, et avons-nous mentionn\u00e9 qu'elles peuvent \u00eatre un excellent nettoyeur de dents naturel ? Leur texture dure aide \u00e0 lutter contre la plaque et le tartre lorsque votre chien creuse. - En-cas v\u00e9g\u00e9talien sain - Sans gluten ni soja - Riche en vitamines - Rempli de fibres pour faciliter la digestion - Savoureux et bon pour eux<\/p>","protected":false},"excerpt":{"rendered":"<p>A super tasty and seriously healthy snack stick for dogs! This 100% plant-based recipe is made with vibrant sweet potato and apple, plus a dash of cinnamon to make them&#8230;<\/p>","protected":false},"featured_media":7443,"comment_status":"open","ping_status":"closed","template":"","meta":{"nf_dc_page":""},"product_brand":[],"product_cat":[34],"product_tag":[],"class_list":{"0":"post-7737","1":"product","2":"type-product","3":"status-publish","4":"has-post-thumbnail","6":"product_cat-treats","8":"first","9":"instock","10":"taxable","11":"shipping-taxable","12":"purchasable","13":"product-type-simple"},"_links":{"self":[{"href":"https:\/\/littleloyals.com\/fr\/wp-json\/wp\/v2\/product\/7737","targetHints":{"allow":["GET"]}}],"collection":[{"href":"https:\/\/littleloyals.com\/fr\/wp-json\/wp\/v2\/product"}],"about":[{"href":"https:\/\/littleloyals.com\/fr\/wp-json\/wp\/v2\/types\/product"}],"replies":[{"embeddable":true,"href":"https:\/\/littleloyals.com\/fr\/wp-json\/wp\/v2\/comments?post=7737"}],"wp:featuredmedia":[{"embeddable":true,"href":"https:\/\/littleloyals.com\/fr\/wp-json\/wp\/v2\/media\/7443"}],"wp:attachment":[{"href":"https:\/\/littleloyals.com\/fr\/wp-json\/wp\/v2\/media?parent=7737"}],"wp:term":[{"taxonomy":"product_brand","embeddable":true,"href":"https:\/\/littleloyals.com\/fr\/wp-json\/wp\/v2\/product_brand?post=7737"},{"taxonomy":"product_cat","embeddable":true,"href":"https:\/\/littleloyals.com\/fr\/wp-json\/wp\/v2\/product_cat?post=7737"},{"taxonomy":"product_tag","embeddable":true,"href":"https:\/\/littleloyals.com\/fr\/wp-json\/wp\/v2\/product_tag?post=7737"}],"curies":[{"name":"wp","href":"https:\/\/api.w.org\/{rel}","templated":true}]}}