{"id":7739,"date":"2023-12-03T23:36:05","date_gmt":"2023-12-03T23:36:05","guid":{"rendered":"https:\/\/littleloyals.com\/product\/oysteer-shell-sticks-250g\/"},"modified":"2023-12-03T23:36:05","modified_gmt":"2023-12-03T23:36:05","slug":"oysteer-shell-sticks-250g","status":"publish","type":"product","link":"https:\/\/littleloyals.com\/fr\/produit\/oysteer-shell-sticks-250g\/","title":{"rendered":"B\u00e2tonnets de coquilles d'hu\u00eetres - 250g"},"content":{"rendered":"<p>Cette recette est compos\u00e9e de d\u00e9licieuses hu\u00eetres de qualit\u00e9 (non, nous ne plaisantons pas... les chiens en raffolent !), de patates douces et de fibres d'agrumes vibrantes, ce qui vous garantit une saveur et une nutrition naturelles. Sans aucun agent de remplissage, ar\u00f4me artificiel ou conservateur ajout\u00e9, elles sont naturellement riches en vitamines et min\u00e9raux, notamment en calcium, qui renforce les dents et les os. Oh, et avons-nous mentionn\u00e9 qu'elles peuvent \u00eatre un excellent nettoyant naturel pour les dents ? Leur texture dure aide \u00e0 lutter contre la plaque dentaire et le tartre pendant que votre Petit Loyal creuse. - En-cas v\u00e9g\u00e9talien sain - Sans gluten ni soja - Riche en vitamines - Rempli de fibres pour faciliter la digestion - Bon go\u00fbt et bon pour eux<\/p>","protected":false},"excerpt":{"rendered":"<p>A super tasty and seriously fun snack stick for dogs! This recipe is made with delicious, quality oysters (no, we\u2019re not kidding\u2026dogs love them!), and vibrant sweet potato and citrus&#8230;<\/p>","protected":false},"featured_media":7489,"comment_status":"open","ping_status":"closed","template":"","meta":{"nf_dc_page":""},"product_brand":[],"product_cat":[34],"product_tag":[],"class_list":{"0":"post-7739","1":"product","2":"type-product","3":"status-publish","4":"has-post-thumbnail","6":"product_cat-treats","8":"first","9":"instock","10":"taxable","11":"shipping-taxable","12":"purchasable","13":"product-type-simple"},"_links":{"self":[{"href":"https:\/\/littleloyals.com\/fr\/wp-json\/wp\/v2\/product\/7739","targetHints":{"allow":["GET"]}}],"collection":[{"href":"https:\/\/littleloyals.com\/fr\/wp-json\/wp\/v2\/product"}],"about":[{"href":"https:\/\/littleloyals.com\/fr\/wp-json\/wp\/v2\/types\/product"}],"replies":[{"embeddable":true,"href":"https:\/\/littleloyals.com\/fr\/wp-json\/wp\/v2\/comments?post=7739"}],"wp:featuredmedia":[{"embeddable":true,"href":"https:\/\/littleloyals.com\/fr\/wp-json\/wp\/v2\/media\/7489"}],"wp:attachment":[{"href":"https:\/\/littleloyals.com\/fr\/wp-json\/wp\/v2\/media?parent=7739"}],"wp:term":[{"taxonomy":"product_brand","embeddable":true,"href":"https:\/\/littleloyals.com\/fr\/wp-json\/wp\/v2\/product_brand?post=7739"},{"taxonomy":"product_cat","embeddable":true,"href":"https:\/\/littleloyals.com\/fr\/wp-json\/wp\/v2\/product_cat?post=7739"},{"taxonomy":"product_tag","embeddable":true,"href":"https:\/\/littleloyals.com\/fr\/wp-json\/wp\/v2\/product_tag?post=7739"}],"curies":[{"name":"wp","href":"https:\/\/api.w.org\/{rel}","templated":true}]}}