{"id":7741,"date":"2023-12-03T23:36:08","date_gmt":"2023-12-03T23:36:08","guid":{"rendered":"https:\/\/littleloyals.com\/product\/pumkin-cinnamon-sticks-250g\/"},"modified":"2023-12-03T23:36:08","modified_gmt":"2023-12-03T23:36:08","slug":"pumkin-cinnamon-sticks-250g","status":"publish","type":"product","link":"https:\/\/littleloyals.com\/fr\/produit\/pumkin-cinnamon-sticks-250g\/","title":{"rendered":"B\u00e2tons de cannelle Pumkin - 250g"},"content":{"rendered":"<p>Cette recette 100% \u00e0 base de plantes est compos\u00e9e de patates douces et de citrouilles vibrantes, ainsi que d'une pinc\u00e9e de cannelle pour les rendre encore plus attrayantes pour nos petits Loyaux. Sans aucun agent de remplissage, ar\u00f4me artificiel ou conservateur ajout\u00e9, elles sont naturellement riches en fibres (excellentes pour la digestion des chiens), en min\u00e9raux et en antioxydants qui aident \u00e0 garder le membre de votre famille \u00e0 quatre pattes en bonne sant\u00e9 et en pleine forme. Oh, et avons-nous mentionn\u00e9 qu'elles peuvent \u00eatre un excellent nettoyeur de dents naturel ? Leur texture dure aide \u00e0 lutter contre la plaque et le tartre lorsque votre chien creuse. - En-cas v\u00e9g\u00e9talien sain - Sans gluten ni soja - Riche en vitamines - Rempli de fibres pour faciliter la digestion - Go\u00fbt d\u00e9licieux<\/p>","protected":false},"excerpt":{"rendered":"<p>A super tasty and seriously healthy snack stick for dogs! This 100% plant-based recipe is made with vibrant sweet potato and pumpkin, plus a dash of cinnamon to make them&#8230;<\/p>","protected":false},"featured_media":7493,"comment_status":"open","ping_status":"closed","template":"","meta":{"nf_dc_page":""},"product_brand":[],"product_cat":[34],"product_tag":[],"class_list":{"0":"post-7741","1":"product","2":"type-product","3":"status-publish","4":"has-post-thumbnail","6":"product_cat-treats","8":"first","9":"instock","10":"taxable","11":"shipping-taxable","12":"purchasable","13":"product-type-simple"},"_links":{"self":[{"href":"https:\/\/littleloyals.com\/fr\/wp-json\/wp\/v2\/product\/7741","targetHints":{"allow":["GET"]}}],"collection":[{"href":"https:\/\/littleloyals.com\/fr\/wp-json\/wp\/v2\/product"}],"about":[{"href":"https:\/\/littleloyals.com\/fr\/wp-json\/wp\/v2\/types\/product"}],"replies":[{"embeddable":true,"href":"https:\/\/littleloyals.com\/fr\/wp-json\/wp\/v2\/comments?post=7741"}],"wp:featuredmedia":[{"embeddable":true,"href":"https:\/\/littleloyals.com\/fr\/wp-json\/wp\/v2\/media\/7493"}],"wp:attachment":[{"href":"https:\/\/littleloyals.com\/fr\/wp-json\/wp\/v2\/media?parent=7741"}],"wp:term":[{"taxonomy":"product_brand","embeddable":true,"href":"https:\/\/littleloyals.com\/fr\/wp-json\/wp\/v2\/product_brand?post=7741"},{"taxonomy":"product_cat","embeddable":true,"href":"https:\/\/littleloyals.com\/fr\/wp-json\/wp\/v2\/product_cat?post=7741"},{"taxonomy":"product_tag","embeddable":true,"href":"https:\/\/littleloyals.com\/fr\/wp-json\/wp\/v2\/product_tag?post=7741"}],"curies":[{"name":"wp","href":"https:\/\/api.w.org\/{rel}","templated":true}]}}