{"id":7744,"date":"2023-12-03T23:36:09","date_gmt":"2023-12-03T23:36:09","guid":{"rendered":"https:\/\/littleloyals.com\/product\/hard-training-treats-450g\/"},"modified":"2023-12-03T23:36:09","modified_gmt":"2023-12-03T23:36:09","slug":"hard-training-treats-450g","status":"publish","type":"product","link":"https:\/\/littleloyals.com\/fr\/produit\/hard-training-treats-450g\/","title":{"rendered":"Friandises pour entra\u00eenement intensif - 450g"},"content":{"rendered":"<p>Ces grignotages app\u00e9tissants et riches en nutriments feront tourner votre chien en rond ! Compos\u00e9e de b\u0153uf de premi\u00e8re qualit\u00e9, chaque g\u00e2terie savoureuse est parfaitement cuite pour lui donner une texture irr\u00e9sistiblement dure et croquante. Sans aucun agent de remplissage, ar\u00f4me artificiel ou conservateur ajout\u00e9, elles sont naturellement charg\u00e9es d'une multitude de nutriments sains. Elles peuvent \u00eatre facilement divis\u00e9es en morceaux de la taille de votre choix, ce qui en fait la r\u00e9compense parfaite pour le dressage, l'en-cas entre deux repas ou tout simplement parce qu'elles le m\u00e9ritent !\t\tL'avoine apporte des bienfaits suppl\u00e9mentaires pour la sant\u00e9 tels que le mangan\u00e8se, le molybd\u00e8ne, le phosphore, le cuivre, la biotine, la vitamine B1, le magn\u00e9sium, les fibres, le zinc, les prot\u00e9ines et bien plus encore. Ingr\u00e9dients : Grandes friandises d'entra\u00eenement Farine d'avoine Farine de bl\u00e9 Viande hach\u00e9e -Foie de b\u0153uf Huile v\u00e9g\u00e9tale Glyc\u00e9rine Gomme de guar \/ Xanthane Acide citrique<\/p>","protected":false},"excerpt":{"rendered":"<p>This mouthwatering, nutrient packed nibble will have your dog spinning in circles! Packed with top quality beef, each tasty treat is perfectly baked to give it an irresistible hard and&#8230;<\/p>","protected":false},"featured_media":7507,"comment_status":"open","ping_status":"closed","template":"","meta":{"nf_dc_page":""},"product_brand":[],"product_cat":[34],"product_tag":[],"class_list":{"0":"post-7744","1":"product","2":"type-product","3":"status-publish","4":"has-post-thumbnail","6":"product_cat-treats","8":"first","9":"instock","10":"taxable","11":"shipping-taxable","12":"purchasable","13":"product-type-simple"},"_links":{"self":[{"href":"https:\/\/littleloyals.com\/fr\/wp-json\/wp\/v2\/product\/7744","targetHints":{"allow":["GET"]}}],"collection":[{"href":"https:\/\/littleloyals.com\/fr\/wp-json\/wp\/v2\/product"}],"about":[{"href":"https:\/\/littleloyals.com\/fr\/wp-json\/wp\/v2\/types\/product"}],"replies":[{"embeddable":true,"href":"https:\/\/littleloyals.com\/fr\/wp-json\/wp\/v2\/comments?post=7744"}],"wp:featuredmedia":[{"embeddable":true,"href":"https:\/\/littleloyals.com\/fr\/wp-json\/wp\/v2\/media\/7507"}],"wp:attachment":[{"href":"https:\/\/littleloyals.com\/fr\/wp-json\/wp\/v2\/media?parent=7744"}],"wp:term":[{"taxonomy":"product_brand","embeddable":true,"href":"https:\/\/littleloyals.com\/fr\/wp-json\/wp\/v2\/product_brand?post=7744"},{"taxonomy":"product_cat","embeddable":true,"href":"https:\/\/littleloyals.com\/fr\/wp-json\/wp\/v2\/product_cat?post=7744"},{"taxonomy":"product_tag","embeddable":true,"href":"https:\/\/littleloyals.com\/fr\/wp-json\/wp\/v2\/product_tag?post=7744"}],"curies":[{"name":"wp","href":"https:\/\/api.w.org\/{rel}","templated":true}]}}