{"id":7747,"date":"2023-12-03T23:36:10","date_gmt":"2023-12-03T23:36:10","guid":{"rendered":"https:\/\/littleloyals.com\/product\/sweet-potato-chews-250g\/"},"modified":"2023-12-03T23:36:10","modified_gmt":"2023-12-03T23:36:10","slug":"sweet-potato-chews-250g","status":"publish","type":"product","link":"https:\/\/littleloyals.com\/fr\/produit\/sweet-potato-chews-250g\/","title":{"rendered":"Pommes de terre douces \u00e0 m\u00e2cher - 250g"},"content":{"rendered":"<p>Ces friandises \u00e0 base de patates douces, approuv\u00e9es par les v\u00e9t\u00e9rinaires, sont tranch\u00e9es et s\u00e9ch\u00e9es \u00e0 l'air libre pour les rendre irr\u00e9sistiblement moelleuses. Ils peuvent \u00eatre facilement divis\u00e9s en morceaux de la taille de votre choix, ce qui en fait une r\u00e9compense parfaite pour le dressage, un en-cas entre deux repas ou une g\u00e2terie juste parce qu'ils le m\u00e9ritent !\t<\/p>\n<div>- Une gamme de bienfaits pour la sant\u00e9 (et une saveur sucr\u00e9e qu'ils adoreront probablement)<\/div>\n<div>- les patates douces favorisent un syst\u00e8me digestif sain gr\u00e2ce \u00e0 leur teneur \u00e9lev\u00e9e en fibres alimentaires.<\/div>\n<div>- Ils sont \u00e9galement pauvres en graisses et contiennent des vitamines essentielles telles que B6, C et A.<\/div>\n<div>- Riche en b\u00eata-carot\u00e8ne<\/div>\n<div>- Le b\u00eata-carot\u00e8ne est un antioxydant qui contribue \u00e0 r\u00e9duire le risque de certains types de cancer tout en offrant une protection contre les maladies cardiaques.<\/div>\n<div>- Chaque b\u00eata-carot\u00e8ne se transforme en deux mol\u00e9cules de vitamine A dans l'organisme de votre chien, ce qui est essentiel pour la vision, la croissance osseuse, la peau et la reproduction de votre chien.<\/div>\n<div>- Les patates douces sont une riche source de fibres<\/div>\n<div>- Il contient des vitamines et des min\u00e9raux, notamment du potassium, du phosphore et du fer.<\/div>","protected":false},"excerpt":{"rendered":"<p>Move over meaty treats, we\u2019ve got a naturally scrumptious veggie snack that your woofer will rollover for! Vet approved, these Sweet Potato chews are sliced and air-dried to make them&#8230;<\/p>","protected":false},"featured_media":7503,"comment_status":"open","ping_status":"closed","template":"","meta":{"nf_dc_page":""},"product_brand":[],"product_cat":[34],"product_tag":[],"class_list":{"0":"post-7747","1":"product","2":"type-product","3":"status-publish","4":"has-post-thumbnail","6":"product_cat-treats","8":"first","9":"instock","10":"taxable","11":"shipping-taxable","12":"purchasable","13":"product-type-simple"},"_links":{"self":[{"href":"https:\/\/littleloyals.com\/fr\/wp-json\/wp\/v2\/product\/7747","targetHints":{"allow":["GET"]}}],"collection":[{"href":"https:\/\/littleloyals.com\/fr\/wp-json\/wp\/v2\/product"}],"about":[{"href":"https:\/\/littleloyals.com\/fr\/wp-json\/wp\/v2\/types\/product"}],"replies":[{"embeddable":true,"href":"https:\/\/littleloyals.com\/fr\/wp-json\/wp\/v2\/comments?post=7747"}],"wp:featuredmedia":[{"embeddable":true,"href":"https:\/\/littleloyals.com\/fr\/wp-json\/wp\/v2\/media\/7503"}],"wp:attachment":[{"href":"https:\/\/littleloyals.com\/fr\/wp-json\/wp\/v2\/media?parent=7747"}],"wp:term":[{"taxonomy":"product_brand","embeddable":true,"href":"https:\/\/littleloyals.com\/fr\/wp-json\/wp\/v2\/product_brand?post=7747"},{"taxonomy":"product_cat","embeddable":true,"href":"https:\/\/littleloyals.com\/fr\/wp-json\/wp\/v2\/product_cat?post=7747"},{"taxonomy":"product_tag","embeddable":true,"href":"https:\/\/littleloyals.com\/fr\/wp-json\/wp\/v2\/product_tag?post=7747"}],"curies":[{"name":"wp","href":"https:\/\/api.w.org\/{rel}","templated":true}]}}