{"id":7749,"date":"2023-12-03T23:36:10","date_gmt":"2023-12-03T23:36:10","guid":{"rendered":"https:\/\/littleloyals.com\/product\/squash-rings-200g\/"},"modified":"2023-12-03T23:36:10","modified_gmt":"2023-12-03T23:36:10","slug":"squash-rings-200g","status":"publish","type":"product","link":"https:\/\/littleloyals.com\/fr\/produit\/squash-rings-200g\/","title":{"rendered":"Rondelles de courge - 200g"},"content":{"rendered":"<p>Ces anneaux de courge sont tranch\u00e9s et s\u00e9ch\u00e9s \u00e0 l'air libre pour les rendre irr\u00e9sistiblement moelleux. Naturellement riche en fibres, en potassium et en vitamines A et C, la courge musqu\u00e9e favorise la sant\u00e9 des yeux, la force musculaire et aide \u00e0 garder un pelage beau et brillant. Ils peuvent \u00eatre facilement coup\u00e9s en morceaux de la taille de votre choix, ce qui en fait la r\u00e9compense parfaite pour l'entra\u00eenement, l'en-cas entre deux repas ou simplement parce qu'ils le m\u00e9ritent !\t<\/p>\n<div>- La courge musqu\u00e9e, comme de nombreux autres l\u00e9gumes, est saine pour votre chien.<\/div>\n<div>- riche en vitamine A, riche en vitamine C, <\/div>\n<div>- riches en fibres, <\/div>\n<div>- Riche en potassium.<\/div>\n<div>- Ces vitamines et min\u00e9raux contribuent \u00e0 la sant\u00e9 de la vision, du syst\u00e8me immunitaire, du c\u00f4lon, des muscles et bien plus encore.<\/div>","protected":false},"excerpt":{"rendered":"<p>Move over meaty treats, we\u2019ve got a naturally scrumptious veggie snack that your woofer will rollover for! These Squash Rings are sliced and air-dried to make them irresistibly chewy. Naturally&#8230;<\/p>","protected":false},"featured_media":7495,"comment_status":"open","ping_status":"closed","template":"","meta":{"nf_dc_page":""},"product_brand":[],"product_cat":[34],"product_tag":[],"class_list":{"0":"post-7749","1":"product","2":"type-product","3":"status-publish","4":"has-post-thumbnail","6":"product_cat-treats","8":"first","9":"instock","10":"taxable","11":"shipping-taxable","12":"purchasable","13":"product-type-simple"},"_links":{"self":[{"href":"https:\/\/littleloyals.com\/fr\/wp-json\/wp\/v2\/product\/7749","targetHints":{"allow":["GET"]}}],"collection":[{"href":"https:\/\/littleloyals.com\/fr\/wp-json\/wp\/v2\/product"}],"about":[{"href":"https:\/\/littleloyals.com\/fr\/wp-json\/wp\/v2\/types\/product"}],"replies":[{"embeddable":true,"href":"https:\/\/littleloyals.com\/fr\/wp-json\/wp\/v2\/comments?post=7749"}],"wp:featuredmedia":[{"embeddable":true,"href":"https:\/\/littleloyals.com\/fr\/wp-json\/wp\/v2\/media\/7495"}],"wp:attachment":[{"href":"https:\/\/littleloyals.com\/fr\/wp-json\/wp\/v2\/media?parent=7749"}],"wp:term":[{"taxonomy":"product_brand","embeddable":true,"href":"https:\/\/littleloyals.com\/fr\/wp-json\/wp\/v2\/product_brand?post=7749"},{"taxonomy":"product_cat","embeddable":true,"href":"https:\/\/littleloyals.com\/fr\/wp-json\/wp\/v2\/product_cat?post=7749"},{"taxonomy":"product_tag","embeddable":true,"href":"https:\/\/littleloyals.com\/fr\/wp-json\/wp\/v2\/product_tag?post=7749"}],"curies":[{"name":"wp","href":"https:\/\/api.w.org\/{rel}","templated":true}]}}