{"id":7762,"date":"2023-12-03T23:36:15","date_gmt":"2023-12-03T23:36:15","guid":{"rendered":"https:\/\/littleloyals.com\/product\/anti-inflamatory-support-150g\/"},"modified":"2023-12-04T15:50:42","modified_gmt":"2023-12-04T15:50:42","slug":"anti-inflamatory-support-150g","status":"publish","type":"product","link":"https:\/\/littleloyals.com\/fr\/produit\/anti-inflamatory-support-150g\/","title":{"rendered":"Suppl\u00e9ments m\u00e9lang\u00e9s"},"content":{"rendered":"<p>Nous avons ce qu'il vous faut pour donner \u00e0 votre compagnon \u00e0 quatre pattes un \u00e9lan naturel de bonheur et de sant\u00e9 ! Ce compl\u00e9ment anti-inflammatoire a \u00e9t\u00e9 sp\u00e9cialement formul\u00e9 par nos nutritionnistes experts pour aider votre compagnon \u00e0 quatre pattes \u00e0 rester en pleine forme. Compos\u00e9 de 5 ingr\u00e9dients enti\u00e8rement naturels, dont le curcuma, le poivre noir, le boswellia serrata, le gingembre et l'huile de noix de coco, il s'agit d'un m\u00e9lange puissant qui peut am\u00e9liorer les zones d'inflammation et d'inconfort (id\u00e9al pour les chiens souffrant de raideurs articulaires). De plus, il apportera \u00e0 votre chien de nombreux antioxydants et un confort digestif qui l'aideront \u00e0 vivre heureux et en bonne sant\u00e9. Il vous suffit d'en saupoudrer sur la nourriture de votre chien ou de l'incorporer \u00e0 son en-cas pr\u00e9f\u00e9r\u00e9... prenez du recul et regardez sa queue remuer.<\/p>\n<p>Compl\u00e9ments enti\u00e8rement naturels pour les chiots, les chiens adultes et les chiens \u00e2g\u00e9s (4 mois et plus)<\/p>\n<ul>\n<li>Propri\u00e9t\u00e9s anti-inflammatoires et antioxydantes<\/li>\n<li>R\u00e9duit les douleurs articulaires et le stress du corps<\/li>\n<li>Favorise l'inconfort digestif et la sensibilit\u00e9<\/li>\n<li>Facile \u00e0 nourrir et offrant une absorption maximale\u00a0<\/li>\n<\/ul>\n<table dir=\"ltr\" border=\"1\" cellspacing=\"0\" cellpadding=\"0\">\n<colgroup>\n<col width=\"156\" \/>\n<col width=\"158\" \/>\n<col width=\"154\" \/>\n<col width=\"100\" \/>\n<col width=\"100\" \/>\n<col width=\"100\" \/>\n<col width=\"168\" \/><\/colgroup>\n<tbody>\n<tr>\n<td data-sheets-value=\"{&quot;1&quot;:2, &quot;2&quot;:&quot;Size &quot;}\">Taille<\/td>\n<td data-sheets-value=\"{&quot;1&quot;:2, &quot;2&quot;:&quot;Composition &quot;}\">Composition<\/td>\n<td data-sheets-value=\"{&quot;1&quot;:2, &quot;2&quot;:&quot;Cooking Methods&quot;}\">M\u00e9thodes de cuisson<\/td>\n<td data-sheets-value=\"{&quot;1&quot;:2, &quot;2&quot;:&quot;   Texture&quot;}\">Texture<\/td>\n<td data-sheets-value=\"{&quot;1&quot;:2, &quot;2&quot;:&quot;Flavor&quot;}\">Saveur<\/td>\n<td data-sheets-value=\"{&quot;1&quot;:2, &quot;2&quot;:&quot;Category &quot;}\">Cat\u00e9gorie<\/td>\n<td data-sheets-value=\"{&quot;1&quot;:2, &quot;2&quot;:&quot;Lifestage(puppy\/adult\/senior)&quot;}\">Lifestage<br \/>(chiot\/adulte\/senior)<\/td>\n<\/tr>\n<tr>\n<td data-sheets-value=\"{&quot;1&quot;:2, &quot;2&quot;:&quot;150 g - 5.3 oz&quot;}\">150 g - 5.3 oz<\/td>\n<td data-sheets-value=\"{&quot;1&quot;:2, &quot;2&quot;:&quot;MIXT - BLEND&quot;}\">MIX - BLEND<\/td>\n<td>\u00a0<\/td>\n<td data-sheets-value=\"{&quot;1&quot;:2, &quot;2&quot;:&quot;POWDER&quot;}\">POUDRE<\/td>\n<td>\u00a0<\/td>\n<td data-sheets-value=\"{&quot;1&quot;:2, &quot;2&quot;:&quot;SUPER SUPPLEMENTS - TOPPERS &quot;}\">SUPER SUPPL\u00c9MENTS - TOPPERS<\/td>\n<td data-sheets-value=\"{&quot;1&quot;:2, &quot;2&quot;:&quot;PUPPY \/ ADULT \/ SENIOR&quot;}\">CHIOT \/ ADULTE \/ SENIOR<\/td>\n<\/tr>\n<\/tbody>\n<\/table>","protected":false},"excerpt":{"rendered":"<p>We\u2019ve got just the thing to give your four-legged bestie that natural boost of happy and healthy! This Anti-inflammatory Support Supplement has been specially formulated by our expert nutritionists to&#8230;<\/p>","protected":false},"featured_media":7340,"comment_status":"open","ping_status":"closed","template":"","meta":{"nf_dc_page":""},"product_brand":[],"product_cat":[35],"product_tag":[],"class_list":{"0":"post-7762","1":"product","2":"type-product","3":"status-publish","4":"has-post-thumbnail","6":"product_cat-supp","8":"first","9":"instock","10":"taxable","11":"shipping-taxable","12":"purchasable","13":"product-type-variable"},"_links":{"self":[{"href":"https:\/\/littleloyals.com\/fr\/wp-json\/wp\/v2\/product\/7762","targetHints":{"allow":["GET"]}}],"collection":[{"href":"https:\/\/littleloyals.com\/fr\/wp-json\/wp\/v2\/product"}],"about":[{"href":"https:\/\/littleloyals.com\/fr\/wp-json\/wp\/v2\/types\/product"}],"replies":[{"embeddable":true,"href":"https:\/\/littleloyals.com\/fr\/wp-json\/wp\/v2\/comments?post=7762"}],"wp:featuredmedia":[{"embeddable":true,"href":"https:\/\/littleloyals.com\/fr\/wp-json\/wp\/v2\/media\/7340"}],"wp:attachment":[{"href":"https:\/\/littleloyals.com\/fr\/wp-json\/wp\/v2\/media?parent=7762"}],"wp:term":[{"taxonomy":"product_brand","embeddable":true,"href":"https:\/\/littleloyals.com\/fr\/wp-json\/wp\/v2\/product_brand?post=7762"},{"taxonomy":"product_cat","embeddable":true,"href":"https:\/\/littleloyals.com\/fr\/wp-json\/wp\/v2\/product_cat?post=7762"},{"taxonomy":"product_tag","embeddable":true,"href":"https:\/\/littleloyals.com\/fr\/wp-json\/wp\/v2\/product_tag?post=7762"}],"curies":[{"name":"wp","href":"https:\/\/api.w.org\/{rel}","templated":true}]}}